{"id":15680,"date":"2025-09-13T15:27:03","date_gmt":"2025-09-13T15:27:03","guid":{"rendered":"https:\/\/linastay.com\/hebergements\/"},"modified":"2026-04-06T17:07:49","modified_gmt":"2026-04-06T17:07:49","slug":"hebergements","status":"publish","type":"page","link":"https:\/\/linastay.com\/fr\/hebergements\/","title":{"rendered":"H\u00e9bergements"},"content":{"rendered":"\t\t<div data-elementor-type=\"wp-page\" data-elementor-id=\"15680\" class=\"elementor elementor-15680 elementor-14628\">\n\t\t\t\t<div class=\"elementor-element elementor-element-42f605cc elementor-hidden-tablet_extra elementor-hidden-tablet elementor-hidden-mobile e-flex e-con-boxed e-con e-parent\" data-id=\"42f605cc\" data-element_type=\"container\" data-e-type=\"container\" data-settings=\"{&quot;background_background&quot;:&quot;classic&quot;}\">\n\t\t\t\t\t<div class=\"e-con-inner\">\n\t\t\t\t<div class=\"elementor-element elementor-element-1d659c72 elementor-widget__width-initial elementor-widget elementor-widget-heading\" data-id=\"1d659c72\" data-element_type=\"widget\" data-e-type=\"widget\" data-widget_type=\"heading.default\">\n\t\t\t\t\t<h2 class=\"elementor-heading-title elementor-size-default\">Nous proposons des s\u00e9jours soigneusement s\u00e9lectionn\u00e9s \u00e0 Marrakech, allant de villas de luxe \u00e0 des appartements authentiques et des tentes berb\u00e8res.<\/h2>\t\t\t\t<\/div>\n\t\t\t\t<div class=\"elementor-element elementor-element-5db3ddf8 elementor-widget__width-initial elementor-widget elementor-widget-text-editor\" data-id=\"5db3ddf8\" data-element_type=\"widget\" data-e-type=\"widget\" data-widget_type=\"text-editor.default\">\n\t\t\t\t\t\t\t\t\t<p class=\"p1\">Chez <strong>Lina Stay<\/strong>, Chez nous savons que votre lieu de s\u00e9jour d\u00e9finit votre exp\u00e9rience.<br> Nous choisissons avec soin chaque propri\u00e9t\u00e9 que nous proposons afin de m\u00ealer confort, authenticit\u00e9 et style. Notre collection comprend des villas \u00e9l\u00e9gantes avec piscines priv\u00e9es, des appartements modernes en plein c\u0153ur de Marrakech, et des tentes berb\u00e8res traditionnelles offrant une connexion unique au patrimoine marocain.<\/p><p class=\"p1\">Chaque h\u00e9bergement est s\u00e9lectionn\u00e9 pour r\u00e9pondre \u00e0 des normes \u00e9lev\u00e9es de qualit\u00e9, de propret\u00e9 et de design, tout en refl\u00e9tant le charme des paysages vari\u00e9s de Marrakech, de la m\u00e9dina anim\u00e9e aux environs tranquilles proches du d\u00e9sert. Que vous voyagiez en couple, en famille ou en groupe, nous proposons des options adapt\u00e9es \u00e0 chaque besoin.<\/p><p class=\"p1\">Plus qu\u2019un simple lieu o\u00f9 dormir, nos h\u00e9bergements sont con\u00e7us pour vous faire sentir comme chez vous tout en offrant le service et l\u2019attention que vous m\u00e9ritez. D\u00e9couvrez votre s\u00e9jour parfait avec <strong>Lina Stay<\/strong>.<\/p>\t\t\t\t\t\t\t\t<\/div>\n\t\t\t\t\t<\/div>\n\t\t\t\t<\/div>\n\t\t\t\t<section class=\"elementor-section elementor-top-section elementor-element elementor-element-585ea5d0 elementor-section-boxed elementor-section-height-default elementor-section-height-default\" data-id=\"585ea5d0\" data-element_type=\"section\" data-e-type=\"section\">\n\t\t\t\t\t\t<div class=\"elementor-container elementor-column-gap-default\">\n\t\t\t\t\t<div class=\"elementor-column elementor-col-100 elementor-top-column elementor-element elementor-element-1d39f702\" data-id=\"1d39f702\" data-element_type=\"column\" data-e-type=\"column\">\n\t\t\t<div class=\"elementor-widget-wrap elementor-element-populated\">\n\t\t\t\t\t\t<div class=\"elementor-element elementor-element-b6eeb2b elementor-widget elementor-widget-heading\" data-id=\"b6eeb2b\" data-element_type=\"widget\" data-e-type=\"widget\" data-widget_type=\"heading.default\">\n\t\t\t\t\t<h2 class=\"elementor-heading-title elementor-size-default\">Villas priv\u00e9es de luxe<\/h2>\t\t\t\t<\/div>\n\t\t\t\t<div class=\"elementor-element elementor-element-448ce04 elementor-widget elementor-widget-text-editor\" data-id=\"448ce04\" data-element_type=\"widget\" data-e-type=\"widget\" data-widget_type=\"text-editor.default\">\n\t\t\t\t\t\t\t\t\t<p class=\"p1\">Vivez l\u2019\u00e9l\u00e9gance et l\u2019exclusivit\u00e9 dans nos villas soigneusement s\u00e9lectionn\u00e9es. Avec piscines priv\u00e9es, espaces de vie spacieux et services de qualit\u00e9 h\u00f4teli\u00e8re, elles offrent le cadre id\u00e9al pour les familles, les groupes ou les escapades romantiques.<\/p>\t\t\t\t\t\t\t\t<\/div>\n\t\t\t\t<div class=\"elementor-element elementor-element-19255253 elementor-widget elementor-widget-st_list_service\" data-id=\"19255253\" data-element_type=\"widget\" data-e-type=\"widget\" data-settings=\"{&quot;orderby&quot;:&quot;post__in&quot;,&quot;item_row&quot;:&quot;4&quot;,&quot;type_form&quot;:&quot;single&quot;,&quot;order&quot;:&quot;ASC&quot;}\" data-widget_type=\"st_list_service.default\">\n\t\t\t\t<div class=\"elementor-widget-container\">\n\t\t\t\t\t    <div class=\"st-list-service grid style_2 \"     >\r\n            <\/div>\r\n\t\t\t\t<\/div>\n\t\t\t\t<\/div>\n\t\t\t\t\t<\/div>\n\t\t<\/div>\n\t\t\t\t\t<\/div>\n\t\t<\/section>\n\t\t\t\t<section class=\"elementor-section elementor-top-section elementor-element elementor-element-00490fe elementor-section-boxed elementor-section-height-default elementor-section-height-default\" data-id=\"00490fe\" data-element_type=\"section\" data-e-type=\"section\" data-settings=\"{&quot;background_background&quot;:&quot;classic&quot;}\">\n\t\t\t\t\t\t<div class=\"elementor-container elementor-column-gap-default\">\n\t\t\t\t\t<div class=\"elementor-column elementor-col-100 elementor-top-column elementor-element elementor-element-12dd5d9\" data-id=\"12dd5d9\" data-element_type=\"column\" data-e-type=\"column\">\n\t\t\t<div class=\"elementor-widget-wrap elementor-element-populated\">\n\t\t\t\t\t\t<div class=\"elementor-element elementor-element-4206c8a elementor-widget elementor-widget-heading\" data-id=\"4206c8a\" data-element_type=\"widget\" data-e-type=\"widget\" data-widget_type=\"heading.default\">\n\t\t\t\t\t<h2 class=\"elementor-heading-title elementor-size-default\">Appartements modernes en ville<\/h2>\t\t\t\t<\/div>\n\t\t\t\t<div class=\"elementor-element elementor-element-d4bb370 elementor-widget__width-inherit elementor-widget elementor-widget-text-editor\" data-id=\"d4bb370\" data-element_type=\"widget\" data-e-type=\"widget\" data-widget_type=\"text-editor.default\">\n\t\t\t\t\t\t\t\t\t<p>S\u00e9journez au c\u0153ur de Marrakech dans nos appartements modernes. Con\u00e7us pour le confort et la praticit\u00e9, ils sont parfaits pour les voyageurs qui souhaitent explorer la ville tout en profitant d\u2019un refuge priv\u00e9.<\/p>\t\t\t\t\t\t\t\t<\/div>\n\t\t\t\t<div class=\"elementor-element elementor-element-2b217b7 elementor-widget elementor-widget-st_list_service\" data-id=\"2b217b7\" data-element_type=\"widget\" data-e-type=\"widget\" data-settings=\"{&quot;orderby&quot;:&quot;title&quot;,&quot;item_row&quot;:&quot;4&quot;,&quot;type_form&quot;:&quot;single&quot;,&quot;order&quot;:&quot;ASC&quot;}\" data-widget_type=\"st_list_service.default\">\n\t\t\t\t<div class=\"elementor-widget-container\">\n\t\t\t\t\t    <div class=\"st-list-service grid style_2 \"     >\r\n            <\/div>\r\n\t\t\t\t<\/div>\n\t\t\t\t<\/div>\n\t\t\t\t\t<\/div>\n\t\t<\/div>\n\t\t\t\t\t<\/div>\n\t\t<\/section>\n\t\t\t\t<section class=\"elementor-section elementor-top-section elementor-element elementor-element-7a749f3 elementor-section-boxed elementor-section-height-default elementor-section-height-default\" data-id=\"7a749f3\" data-element_type=\"section\" data-e-type=\"section\">\n\t\t\t\t\t\t<div class=\"elementor-container elementor-column-gap-default\">\n\t\t\t\t\t<div class=\"elementor-column elementor-col-100 elementor-top-column elementor-element elementor-element-3da60ca\" data-id=\"3da60ca\" data-element_type=\"column\" data-e-type=\"column\">\n\t\t\t<div class=\"elementor-widget-wrap elementor-element-populated\">\n\t\t\t\t\t\t<div class=\"elementor-element elementor-element-6067ca4 elementor-widget elementor-widget-heading\" data-id=\"6067ca4\" data-element_type=\"widget\" data-e-type=\"widget\" data-widget_type=\"heading.default\">\n\t\t\t\t\t<h2 class=\"elementor-heading-title elementor-size-default\">Tente berb\u00e8re authentique<\/h2>\t\t\t\t<\/div>\n\t\t\t\t<div class=\"elementor-element elementor-element-f7f3bf5 elementor-widget__width-inherit elementor-widget elementor-widget-text-editor\" data-id=\"f7f3bf5\" data-element_type=\"widget\" data-e-type=\"widget\" data-widget_type=\"text-editor.default\">\n\t\t\t\t\t\t\t\t\tPlongez dans le patrimoine marocain avec nos tentes berb\u00e8res. Alliant tradition et confort, elles offrent une mani\u00e8re unique de se connecter \u00e0 la magie du d\u00e9sert sous un ciel \u00e9toil\u00e9.\t\t\t\t\t\t\t\t<\/div>\n\t\t\t\t<div class=\"elementor-element elementor-element-3004df4 elementor-widget elementor-widget-st_list_service\" data-id=\"3004df4\" data-element_type=\"widget\" data-e-type=\"widget\" data-settings=\"{&quot;orderby&quot;:&quot;title&quot;,&quot;item_row&quot;:&quot;4&quot;,&quot;type_form&quot;:&quot;single&quot;,&quot;order&quot;:&quot;ASC&quot;}\" data-widget_type=\"st_list_service.default\">\n\t\t\t\t<div class=\"elementor-widget-container\">\n\t\t\t\t\t    <div class=\"st-list-service grid style_2 \"     >\r\n            <\/div>\r\n\t\t\t\t<\/div>\n\t\t\t\t<\/div>\n\t\t\t\t\t<\/div>\n\t\t<\/div>\n\t\t\t\t\t<\/div>\n\t\t<\/section>\n\t\t\t\t<\/div>\n\t\t","protected":false},"excerpt":{"rendered":"<p>Nous proposons des s\u00e9jours soigneusement s\u00e9lectionn\u00e9s \u00e0 Marrakech, allant de villas de luxe \u00e0 des appartements authentiques et des tentes berb\u00e8res. Chez Lina Stay, Chez nous savons que votre lieu de s\u00e9jour d\u00e9finit votre exp\u00e9rience. Nous choisissons avec soin chaque propri\u00e9t\u00e9 que nous proposons afin de m\u00ealer confort, authenticit\u00e9 et style. Notre collection comprend des [&hellip;]<\/p>\n","protected":false},"author":1,"featured_media":0,"parent":0,"menu_order":0,"comment_status":"closed","ping_status":"closed","template":"elementor_header_footer","meta":{"footnotes":""},"class_list":["post-15680","page","type-page","status-publish","has-post-thumbnail","hentry"],"jetpack_sharing_enabled":true,"_links":{"self":[{"href":"https:\/\/linastay.com\/fr\/wp-json\/wp\/v2\/pages\/15680","targetHints":{"allow":["GET"]}}],"collection":[{"href":"https:\/\/linastay.com\/fr\/wp-json\/wp\/v2\/pages"}],"about":[{"href":"https:\/\/linastay.com\/fr\/wp-json\/wp\/v2\/types\/page"}],"author":[{"embeddable":true,"href":"https:\/\/linastay.com\/fr\/wp-json\/wp\/v2\/users\/1"}],"replies":[{"embeddable":true,"href":"https:\/\/linastay.com\/fr\/wp-json\/wp\/v2\/comments?post=15680"}],"version-history":[{"count":8,"href":"https:\/\/linastay.com\/fr\/wp-json\/wp\/v2\/pages\/15680\/revisions"}],"predecessor-version":[{"id":16246,"href":"https:\/\/linastay.com\/fr\/wp-json\/wp\/v2\/pages\/15680\/revisions\/16246"}],"wp:attachment":[{"href":"https:\/\/linastay.com\/fr\/wp-json\/wp\/v2\/media?parent=15680"}],"curies":[{"name":"wp","href":"https:\/\/api.w.org\/{rel}","templated":true}]}}