{"id":15682,"date":"2025-09-13T20:22:04","date_gmt":"2025-09-13T20:22:04","guid":{"rendered":"https:\/\/linastay.com\/hebergements\/appartements\/"},"modified":"2026-04-04T01:07:39","modified_gmt":"2026-04-04T01:07:39","slug":"appartements","status":"publish","type":"page","link":"https:\/\/linastay.com\/fr\/hebergements\/appartements\/","title":{"rendered":"Appartements"},"content":{"rendered":"\t\t<div data-elementor-type=\"wp-page\" data-elementor-id=\"15682\" class=\"elementor elementor-15682 elementor-14700\">\n\t\t\t\t<div class=\"elementor-element elementor-element-42f605cc e-flex e-con-boxed e-con e-parent\" data-id=\"42f605cc\" data-element_type=\"container\" data-e-type=\"container\" data-settings=\"{&quot;background_background&quot;:&quot;classic&quot;}\">\n\t\t\t\t\t<div class=\"e-con-inner\">\n\t\t\t\t<div class=\"elementor-element elementor-element-1d659c72 elementor-widget__width-initial elementor-widget elementor-widget-heading\" data-id=\"1d659c72\" data-element_type=\"widget\" data-e-type=\"widget\" data-widget_type=\"heading.default\">\n\t\t\t\t\t<h2 class=\"elementor-heading-title elementor-size-default\">Confort moderne au c\u0153ur de Marrakech, con\u00e7u pour la commodit\u00e9 et une exp\u00e9rience authentique<\/h2>\t\t\t\t<\/div>\n\t\t\t\t<div class=\"elementor-element elementor-element-5db3ddf8 elementor-widget__width-initial elementor-widget elementor-widget-text-editor\" data-id=\"5db3ddf8\" data-element_type=\"widget\" data-e-type=\"widget\" data-widget_type=\"text-editor.default\">\n\t\t\t\t\t\t\t\t\t<p class=\"p1\">Chez Lina Stay, nos appartements offrent le m\u00e9lange parfait de style, confort et emplacement. Soigneusement s\u00e9lectionn\u00e9s pour leur design et leur qualit\u00e9, chaque appartement constitue un refuge priv\u00e9 tout en vous rapprochant de l\u2019\u00e9nergie vibrante de Marrakech. Que vous pr\u00e9f\u00e9riez un studio chic dans la M\u00e9dina ou un appartement spacieux pr\u00e8s des quartiers modernes de la ville, notre collection est con\u00e7ue pour r\u00e9pondre aux besoins de chaque voyageur.<\/p><p class=\"p1\">Chaque appartement est enti\u00e8rement \u00e9quip\u00e9 avec des commodit\u00e9s modernes, du Wi-Fi et la climatisation aux cuisines et espaces de vie confortables, les rendant id\u00e9aux pour les s\u00e9jours courts comme pour les visites prolong\u00e9es. Les clients profitent de l\u2019ind\u00e9pendance d\u2019un logement priv\u00e9 avec l\u2019assurance de normes de qualit\u00e9 h\u00f4teli\u00e8re.<\/p><p class=\"p1\">Parfait pour les couples, les familles ou les voyageurs d\u2019affaires, les appartements Lina Stay sont plus que de simples h\u00e9bergements ; ils sont une porte d\u2019entr\u00e9e pour d\u00e9couvrir Marrakech comme un local, avec confort et style \u00e0 chaque \u00e9tape.<\/p>\t\t\t\t\t\t\t\t<\/div>\n\t\t\t\t\t<\/div>\n\t\t\t\t<\/div>\n\t\t\t\t<section class=\"elementor-section elementor-top-section elementor-element elementor-element-585ea5d0 elementor-section-boxed elementor-section-height-default elementor-section-height-default\" data-id=\"585ea5d0\" data-element_type=\"section\" data-e-type=\"section\">\n\t\t\t\t\t\t<div class=\"elementor-container elementor-column-gap-default\">\n\t\t\t\t\t<div class=\"elementor-column elementor-col-100 elementor-top-column elementor-element elementor-element-1d39f702\" data-id=\"1d39f702\" data-element_type=\"column\" data-e-type=\"column\">\n\t\t\t<div class=\"elementor-widget-wrap elementor-element-populated\">\n\t\t\t\t\t\t<div class=\"elementor-element elementor-element-19255253 elementor-widget elementor-widget-st_list_service\" data-id=\"19255253\" data-element_type=\"widget\" data-e-type=\"widget\" data-settings=\"{&quot;orderby&quot;:&quot;title&quot;,&quot;item_row&quot;:&quot;4&quot;,&quot;type_form&quot;:&quot;single&quot;,&quot;order&quot;:&quot;ASC&quot;}\" data-widget_type=\"st_list_service.default\">\n\t\t\t\t<div class=\"elementor-widget-container\">\n\t\t\t\t\t    <div class=\"st-list-service grid style_2 \"     >\r\n            <\/div>\r\n\t\t\t\t<\/div>\n\t\t\t\t<\/div>\n\t\t\t\t\t<\/div>\n\t\t<\/div>\n\t\t\t\t\t<\/div>\n\t\t<\/section>\n\t\t\t\t<\/div>\n\t\t","protected":false},"excerpt":{"rendered":"<p>Confort moderne au c\u0153ur de Marrakech, con\u00e7u pour la commodit\u00e9 et une exp\u00e9rience authentique Chez Lina Stay, nos appartements offrent le m\u00e9lange parfait de style, confort et emplacement. Soigneusement s\u00e9lectionn\u00e9s pour leur design et leur qualit\u00e9, chaque appartement constitue un refuge priv\u00e9 tout en vous rapprochant de l\u2019\u00e9nergie vibrante de Marrakech. Que vous pr\u00e9f\u00e9riez un [&hellip;]<\/p>\n","protected":false},"author":1,"featured_media":0,"parent":15680,"menu_order":0,"comment_status":"closed","ping_status":"closed","template":"elementor_header_footer","meta":{"footnotes":""},"class_list":["post-15682","page","type-page","status-publish","has-post-thumbnail","hentry"],"jetpack_sharing_enabled":true,"_links":{"self":[{"href":"https:\/\/linastay.com\/fr\/wp-json\/wp\/v2\/pages\/15682","targetHints":{"allow":["GET"]}}],"collection":[{"href":"https:\/\/linastay.com\/fr\/wp-json\/wp\/v2\/pages"}],"about":[{"href":"https:\/\/linastay.com\/fr\/wp-json\/wp\/v2\/types\/page"}],"author":[{"embeddable":true,"href":"https:\/\/linastay.com\/fr\/wp-json\/wp\/v2\/users\/1"}],"replies":[{"embeddable":true,"href":"https:\/\/linastay.com\/fr\/wp-json\/wp\/v2\/comments?post=15682"}],"version-history":[{"count":3,"href":"https:\/\/linastay.com\/fr\/wp-json\/wp\/v2\/pages\/15682\/revisions"}],"predecessor-version":[{"id":15687,"href":"https:\/\/linastay.com\/fr\/wp-json\/wp\/v2\/pages\/15682\/revisions\/15687"}],"up":[{"embeddable":true,"href":"https:\/\/linastay.com\/fr\/wp-json\/wp\/v2\/pages\/15680"}],"wp:attachment":[{"href":"https:\/\/linastay.com\/fr\/wp-json\/wp\/v2\/media?parent=15682"}],"curies":[{"name":"wp","href":"https:\/\/api.w.org\/{rel}","templated":true}]}}