{"id":15684,"date":"2025-09-13T20:23:47","date_gmt":"2025-09-13T20:23:47","guid":{"rendered":"https:\/\/linastay.com\/hebergements\/tentes-berberes\/"},"modified":"2026-04-05T00:50:24","modified_gmt":"2026-04-05T00:50:24","slug":"tentes-berberes","status":"publish","type":"page","link":"https:\/\/linastay.com\/fr\/hebergements\/tentes-berberes\/","title":{"rendered":"Tentes berb\u00e8res"},"content":{"rendered":"\t\t<div data-elementor-type=\"wp-page\" data-elementor-id=\"15684\" class=\"elementor elementor-15684 elementor-14705\">\n\t\t\t\t<div class=\"elementor-element elementor-element-42f605cc e-flex e-con-boxed e-con e-parent\" data-id=\"42f605cc\" data-element_type=\"container\" data-e-type=\"container\" data-settings=\"{&quot;background_background&quot;:&quot;classic&quot;}\">\n\t\t\t\t\t<div class=\"e-con-inner\">\n\t\t\t\t<div class=\"elementor-element elementor-element-1d659c72 elementor-widget__width-initial elementor-widget elementor-widget-heading\" data-id=\"1d659c72\" data-element_type=\"widget\" data-e-type=\"widget\" data-widget_type=\"heading.default\">\n\t\t\t\t\t<h2 class=\"elementor-heading-title elementor-size-default\">Une fa\u00e7on unique de d\u00e9couvrir le patrimoine marocain au d\u00e9sert.<\/h2>\t\t\t\t<\/div>\n\t\t\t\t<div class=\"elementor-element elementor-element-5db3ddf8 elementor-widget__width-initial elementor-widget elementor-widget-text-editor\" data-id=\"5db3ddf8\" data-element_type=\"widget\" data-e-type=\"widget\" data-widget_type=\"text-editor.default\">\n\t\t\t\t\t\t\t\t\t<p class=\"p1\">Les tentes berb\u00e8res de Lina Stay vous invitent \u00e0 vivre une exp\u00e9rience alliant tradition, confort et authenticit\u00e9. Situ\u00e9es dans les paysages sereins autour de Marrakech, des dunes rocheuses d\u2019Agafay aux bordures tranquilles du d\u00e9sert, nos tentes offrent une escapade unique qui vous connecte aux racines culturelles du Maroc.<\/p><p class=\"p1\">Chaque tente est con\u00e7ue pour allier charme rustique et confort moderne, avec des int\u00e9rieurs cosy, une literie confortable et une d\u00e9coration soigneusement choisie refl\u00e9tant le patrimoine berb\u00e8re. Que vous recherchiez une escapade romantique, une aventure en famille ou une retraite de groupe, nos tentes offrent le parfait \u00e9quilibre entre authenticit\u00e9 et d\u00e9tente.<\/p><p class=\"p1\">Les invit\u00e9s peuvent profiter des nuits \u00e9toil\u00e9es, des repas traditionnels et de la musique locale autour du feu, tout en b\u00e9n\u00e9ficiant de services et d\u2019une hospitalit\u00e9 de qualit\u00e9 h\u00f4teli\u00e8re. Avec Lina Stay, votre s\u00e9jour dans une tente berb\u00e8re devient plus qu\u2019un simple h\u00e9bergement ; c\u2019est un voyage dans l\u2019esprit, l\u2019histoire et la magie inoubliable du d\u00e9sert marocain.<\/p>\t\t\t\t\t\t\t\t<\/div>\n\t\t\t\t\t<\/div>\n\t\t\t\t<\/div>\n\t\t\t\t<section class=\"elementor-section elementor-top-section elementor-element elementor-element-585ea5d0 elementor-section-boxed elementor-section-height-default elementor-section-height-default\" data-id=\"585ea5d0\" data-element_type=\"section\" data-e-type=\"section\">\n\t\t\t\t\t\t<div class=\"elementor-container elementor-column-gap-default\">\n\t\t\t\t\t<div class=\"elementor-column elementor-col-100 elementor-top-column elementor-element elementor-element-1d39f702\" data-id=\"1d39f702\" data-element_type=\"column\" data-e-type=\"column\">\n\t\t\t<div class=\"elementor-widget-wrap elementor-element-populated\">\n\t\t\t\t\t\t<div class=\"elementor-element elementor-element-19255253 elementor-widget elementor-widget-st_list_service\" data-id=\"19255253\" data-element_type=\"widget\" data-e-type=\"widget\" data-settings=\"{&quot;orderby&quot;:&quot;title&quot;,&quot;item_row&quot;:&quot;4&quot;,&quot;type_form&quot;:&quot;single&quot;,&quot;order&quot;:&quot;ASC&quot;}\" data-widget_type=\"st_list_service.default\">\n\t\t\t\t<div class=\"elementor-widget-container\">\n\t\t\t\t\t    <div class=\"st-list-service grid style_2 \"     >\r\n            <\/div>\r\n\t\t\t\t<\/div>\n\t\t\t\t<\/div>\n\t\t\t\t\t<\/div>\n\t\t<\/div>\n\t\t\t\t\t<\/div>\n\t\t<\/section>\n\t\t\t\t<\/div>\n\t\t","protected":false},"excerpt":{"rendered":"<p>Une fa\u00e7on unique de d\u00e9couvrir le patrimoine marocain au d\u00e9sert. Les tentes berb\u00e8res de Lina Stay vous invitent \u00e0 vivre une exp\u00e9rience alliant tradition, confort et authenticit\u00e9. Situ\u00e9es dans les paysages sereins autour de Marrakech, des dunes rocheuses d\u2019Agafay aux bordures tranquilles du d\u00e9sert, nos tentes offrent une escapade unique qui vous connecte aux racines [&hellip;]<\/p>\n","protected":false},"author":1,"featured_media":0,"parent":15680,"menu_order":0,"comment_status":"closed","ping_status":"closed","template":"elementor_header_footer","meta":{"footnotes":""},"class_list":["post-15684","page","type-page","status-publish","has-post-thumbnail","hentry"],"jetpack_sharing_enabled":true,"_links":{"self":[{"href":"https:\/\/linastay.com\/fr\/wp-json\/wp\/v2\/pages\/15684","targetHints":{"allow":["GET"]}}],"collection":[{"href":"https:\/\/linastay.com\/fr\/wp-json\/wp\/v2\/pages"}],"about":[{"href":"https:\/\/linastay.com\/fr\/wp-json\/wp\/v2\/types\/page"}],"author":[{"embeddable":true,"href":"https:\/\/linastay.com\/fr\/wp-json\/wp\/v2\/users\/1"}],"replies":[{"embeddable":true,"href":"https:\/\/linastay.com\/fr\/wp-json\/wp\/v2\/comments?post=15684"}],"version-history":[{"count":5,"href":"https:\/\/linastay.com\/fr\/wp-json\/wp\/v2\/pages\/15684\/revisions"}],"predecessor-version":[{"id":15691,"href":"https:\/\/linastay.com\/fr\/wp-json\/wp\/v2\/pages\/15684\/revisions\/15691"}],"up":[{"embeddable":true,"href":"https:\/\/linastay.com\/fr\/wp-json\/wp\/v2\/pages\/15680"}],"wp:attachment":[{"href":"https:\/\/linastay.com\/fr\/wp-json\/wp\/v2\/media?parent=15684"}],"curies":[{"name":"wp","href":"https:\/\/api.w.org\/{rel}","templated":true}]}}