{"id":15692,"date":"2025-09-13T20:19:27","date_gmt":"2025-09-13T20:19:27","guid":{"rendered":"https:\/\/linastay.com\/hebergements\/villas\/"},"modified":"2026-04-04T01:08:44","modified_gmt":"2026-04-04T01:08:44","slug":"villas","status":"publish","type":"page","link":"https:\/\/linastay.com\/fr\/hebergements\/villas\/","title":{"rendered":"Villas"},"content":{"rendered":"\t\t<div data-elementor-type=\"wp-page\" data-elementor-id=\"15692\" class=\"elementor elementor-15692 elementor-14695\">\n\t\t\t\t<div class=\"elementor-element elementor-element-42f605cc e-flex e-con-boxed e-con e-parent\" data-id=\"42f605cc\" data-element_type=\"container\" data-e-type=\"container\" data-settings=\"{&quot;background_background&quot;:&quot;classic&quot;}\">\n\t\t\t\t\t<div class=\"e-con-inner\">\n\t\t\t\t<div class=\"elementor-element elementor-element-1d659c72 elementor-widget__width-initial elementor-widget elementor-widget-heading\" data-id=\"1d659c72\" data-element_type=\"widget\" data-e-type=\"widget\" data-widget_type=\"heading.default\">\n\t\t\t\t\t<h2 class=\"elementor-heading-title elementor-size-default\">Espaces exclusifs con\u00e7us pour le confort, l\u2019\u00e9l\u00e9gance et des moments inoubliables \u00e0 Marrakech.<\/h2>\t\t\t\t<\/div>\n\t\t\t\t<div class=\"elementor-element elementor-element-5db3ddf8 elementor-widget__width-initial elementor-widget elementor-widget-text-editor\" data-id=\"5db3ddf8\" data-element_type=\"widget\" data-e-type=\"widget\" data-widget_type=\"text-editor.default\">\n\t\t\t\t\t\t\t\t\t<p class=\"p1\">Chez Lina Stay, notre collection de villas priv\u00e9es de luxe red\u00e9finit l\u2019art de s\u00e9journer \u00e0 Marrakech. Chaque villa est soigneusement s\u00e9lectionn\u00e9e pour son caract\u00e8re unique, ses standards \u00e9lev\u00e9s et le parfait \u00e9quilibre entre intimit\u00e9 et confort. Avec de vastes espaces de vie, des piscines priv\u00e9es et un design \u00e9l\u00e9gant, nos villas sont id\u00e9ales pour les familles, les groupes d\u2019amis ou les couples en qu\u00eate d\u2019une retraite exclusive.<\/p><p class=\"p1\">Situ\u00e9es dans certains des quartiers les plus pris\u00e9s de la ville, des p\u00e9riph\u00e9ries anim\u00e9es de Marrakech aux lieux tranquilles proches du d\u00e9sert, nos villas offrent le parfait \u00e9quilibre entre d\u00e9tente et aventure. Les clients peuvent profiter de services h\u00f4teliers de qualit\u00e9 ainsi que de prestations personnalis\u00e9es, comme des chefs priv\u00e9s, le m\u00e9nage quotidien et des exp\u00e9riences sur mesure.<\/p><p class=\"p1\">Plus qu\u2019un simple lieu o\u00f9 dormir, ces villas sont con\u00e7ues pour devenir votre sanctuaire, un espace o\u00f9 vous pouvez cr\u00e9er des souvenirs durables tout en d\u00e9couvrant la beaut\u00e9 et la culture de Marrakech.<\/p>\t\t\t\t\t\t\t\t<\/div>\n\t\t\t\t\t<\/div>\n\t\t\t\t<\/div>\n\t\t\t\t<section class=\"elementor-section elementor-top-section elementor-element elementor-element-585ea5d0 elementor-section-boxed elementor-section-height-default elementor-section-height-default\" data-id=\"585ea5d0\" data-element_type=\"section\" data-e-type=\"section\">\n\t\t\t\t\t\t<div class=\"elementor-container elementor-column-gap-default\">\n\t\t\t\t\t<div class=\"elementor-column elementor-col-100 elementor-top-column elementor-element elementor-element-1d39f702\" data-id=\"1d39f702\" data-element_type=\"column\" data-e-type=\"column\">\n\t\t\t<div class=\"elementor-widget-wrap elementor-element-populated\">\n\t\t\t\t\t\t<div class=\"elementor-element elementor-element-19255253 elementor-widget elementor-widget-st_list_service\" data-id=\"19255253\" data-element_type=\"widget\" data-e-type=\"widget\" data-settings=\"{&quot;orderby&quot;:&quot;post__in&quot;,&quot;item_row&quot;:&quot;4&quot;,&quot;type_form&quot;:&quot;single&quot;,&quot;order&quot;:&quot;ASC&quot;}\" data-widget_type=\"st_list_service.default\">\n\t\t\t\t<div class=\"elementor-widget-container\">\n\t\t\t\t\t    <div class=\"st-list-service grid style_2 \"     >\r\n            <\/div>\r\n\t\t\t\t<\/div>\n\t\t\t\t<\/div>\n\t\t\t\t\t<\/div>\n\t\t<\/div>\n\t\t\t\t\t<\/div>\n\t\t<\/section>\n\t\t\t\t<\/div>\n\t\t","protected":false},"excerpt":{"rendered":"<p>Espaces exclusifs con\u00e7us pour le confort, l\u2019\u00e9l\u00e9gance et des moments inoubliables \u00e0 Marrakech. Chez Lina Stay, notre collection de villas priv\u00e9es de luxe red\u00e9finit l\u2019art de s\u00e9journer \u00e0 Marrakech. Chaque villa est soigneusement s\u00e9lectionn\u00e9e pour son caract\u00e8re unique, ses standards \u00e9lev\u00e9s et le parfait \u00e9quilibre entre intimit\u00e9 et confort. Avec de vastes espaces de vie, [&hellip;]<\/p>\n","protected":false},"author":1,"featured_media":0,"parent":15680,"menu_order":0,"comment_status":"closed","ping_status":"closed","template":"elementor_header_footer","meta":{"footnotes":""},"class_list":["post-15692","page","type-page","status-publish","has-post-thumbnail","hentry"],"jetpack_sharing_enabled":true,"_links":{"self":[{"href":"https:\/\/linastay.com\/fr\/wp-json\/wp\/v2\/pages\/15692","targetHints":{"allow":["GET"]}}],"collection":[{"href":"https:\/\/linastay.com\/fr\/wp-json\/wp\/v2\/pages"}],"about":[{"href":"https:\/\/linastay.com\/fr\/wp-json\/wp\/v2\/types\/page"}],"author":[{"embeddable":true,"href":"https:\/\/linastay.com\/fr\/wp-json\/wp\/v2\/users\/1"}],"replies":[{"embeddable":true,"href":"https:\/\/linastay.com\/fr\/wp-json\/wp\/v2\/comments?post=15692"}],"version-history":[{"count":1,"href":"https:\/\/linastay.com\/fr\/wp-json\/wp\/v2\/pages\/15692\/revisions"}],"predecessor-version":[{"id":15693,"href":"https:\/\/linastay.com\/fr\/wp-json\/wp\/v2\/pages\/15692\/revisions\/15693"}],"up":[{"embeddable":true,"href":"https:\/\/linastay.com\/fr\/wp-json\/wp\/v2\/pages\/15680"}],"wp:attachment":[{"href":"https:\/\/linastay.com\/fr\/wp-json\/wp\/v2\/media?parent=15692"}],"curies":[{"name":"wp","href":"https:\/\/api.w.org\/{rel}","templated":true}]}}