{"id":15694,"date":"2025-09-13T18:40:39","date_gmt":"2025-09-13T18:40:39","guid":{"rendered":"https:\/\/linastay.com\/activites\/"},"modified":"2026-04-03T21:53:32","modified_gmt":"2026-04-03T21:53:32","slug":"activites","status":"publish","type":"page","link":"https:\/\/linastay.com\/fr\/activites\/","title":{"rendered":"Activit\u00e9s"},"content":{"rendered":"\t\t<div data-elementor-type=\"wp-page\" data-elementor-id=\"15694\" class=\"elementor elementor-15694 elementor-14654\">\n\t\t\t\t<div class=\"elementor-element elementor-element-42f605cc e-flex e-con-boxed e-con e-parent\" data-id=\"42f605cc\" data-element_type=\"container\" data-e-type=\"container\" data-settings=\"{&quot;background_background&quot;:&quot;classic&quot;}\">\n\t\t\t\t\t<div class=\"e-con-inner\">\n\t\t\t\t<div class=\"elementor-element elementor-element-1d659c72 elementor-widget__width-initial elementor-widget elementor-widget-heading\" data-id=\"1d659c72\" data-element_type=\"widget\" data-e-type=\"widget\" data-widget_type=\"heading.default\">\n\t\t\t\t\t<h2 class=\"elementor-heading-title elementor-size-default\">Des exp\u00e9riences inoubliables qui font vivre la Ville Rouge et ses environs.<\/h2>\t\t\t\t<\/div>\n\t\t\t\t<div class=\"elementor-element elementor-element-5db3ddf8 elementor-widget__width-initial elementor-widget elementor-widget-text-editor\" data-id=\"5db3ddf8\" data-element_type=\"widget\" data-e-type=\"widget\" data-widget_type=\"text-editor.default\">\n\t\t\t\t\t\t\t\t\t<p class=\"p1\">Chez <strong>Lina Stay<\/strong>, nous pensons que la meilleure fa\u00e7on de d\u00e9couvrir Marrakech est de la vivre pleinement. C\u2019est pourquoi nous proposons une s\u00e9lection d\u2019activit\u00e9s soigneusement choisies pour vous plonger dans la culture vibrante de la ville, ses paysages \u00e0 couper le souffle et ses traditions intemporelles.<\/p><p class=\"p1\">Ressentez l\u2019adr\u00e9naline d\u2019une aventure en quad \u00e0 travers les sentiers du d\u00e9sert, profitez de la magie d\u2019une balade \u00e0 dos de chameau au coucher du soleil, ou d\u00e9tendez-vous avec un rituel hammam et spa revitalisant. Pour les amateurs de gastronomie, nos cours de cuisine marocaine offrent une exp\u00e9rience pratique qui vous connecte aux saveurs et aux traditions locales.<\/p><p class=\"p1\">Chaque activit\u00e9 est soigneusement s\u00e9lectionn\u00e9e pour sa qualit\u00e9, son authenticit\u00e9 et sa s\u00e9curit\u00e9, vous garantissant de profiter du meilleur de Marrakech. Que vous recherchiez adr\u00e9naline, d\u00e9tente ou d\u00e9couverte culturelle, nos activit\u00e9s sont con\u00e7ues pour cr\u00e9er des souvenirs durables. Avec <strong>Lina Stay<\/strong>, chaque moment devient une occasion de d\u00e9couvrir l\u2019essence authentique du Maroc.<\/p>\t\t\t\t\t\t\t\t<\/div>\n\t\t\t\t\t<\/div>\n\t\t\t\t<\/div>\n\t\t\t\t<section class=\"elementor-section elementor-top-section elementor-element elementor-element-585ea5d0 elementor-section-boxed elementor-section-height-default elementor-section-height-default\" data-id=\"585ea5d0\" data-element_type=\"section\" data-e-type=\"section\">\n\t\t\t\t\t\t<div class=\"elementor-container elementor-column-gap-default\">\n\t\t\t\t\t<div class=\"elementor-column elementor-col-100 elementor-top-column elementor-element elementor-element-1d39f702\" data-id=\"1d39f702\" data-element_type=\"column\" data-e-type=\"column\">\n\t\t\t<div class=\"elementor-widget-wrap elementor-element-populated\">\n\t\t\t\t\t\t<div class=\"elementor-element elementor-element-19255253 elementor-hidden-tablet_extra elementor-hidden-tablet elementor-hidden-mobile elementor-widget elementor-widget-st_list_service\" data-id=\"19255253\" data-element_type=\"widget\" data-e-type=\"widget\" data-settings=\"{&quot;orderby&quot;:&quot;title&quot;,&quot;item_row&quot;:&quot;4&quot;,&quot;type_form&quot;:&quot;single&quot;,&quot;order&quot;:&quot;ASC&quot;}\" data-widget_type=\"st_list_service.default\">\n\t\t\t\t<div class=\"elementor-widget-container\">\n\t\t\t\t\t    <div class=\"st-list-service grid style_2 \"     >\r\n        <div class=\"service-list-wrapper service-tour\"><div class=\"row\"><div class=\"col-12 col-sm-12 col-md-6 col-lg-6 col-xl-3\"><div class=\"services-item grid item-elementor\" itemscope itemtype=\"https:\/\/schema.org\/Event\">\r\n    <div class=\"item service-border st-border-radius\">\r\n        <div class=\"featured-image\">\r\n            <div class=\"st-tag-feature-sale\">\r\n                                \r\n            <\/div>\r\n                            <a href=\"#\" class=\"login\" data-bs-toggle=\"modal\" data-bs-target=\"#st-login-form\">\r\n                    <div class=\"service-add-wishlist\" title=\"Add to wishlist\">\r\n                        <i class=\"st-border-radius field-icon\"><svg xmlns=\"http:\/\/www.w3.org\/2000\/svg\" width=\"23\" height=\"22\" viewBox=\"0 0 23 22\" fill=\"none\">\r\n        <path fill-rule=\"evenodd\" clip-rule=\"evenodd\" d=\"M0.75 7.68998C0.75 4.18927 3.57229 1.34998 7.06 1.34998C8.79674 1.34998 10.3646 2.05596 11.5003 3.19469C12.6385 2.05561 14.2122 1.34998 15.94 1.34998C19.4277 1.34998 22.25 4.18927 22.25 7.68998C22.25 11.4395 20.5107 14.4001 18.4342 16.5276C16.3683 18.6443 13.9235 19.9861 12.3657 20.5186C12.0914 20.6147 11.7773 20.65 11.5 20.65C11.2227 20.65 10.9086 20.6147 10.6343 20.5186C9.07655 19.9861 6.63169 18.6443 4.56577 16.5276C2.48932 14.4001 0.75 11.4395 0.75 7.68998Z\" fill=\"#232323\" fill-opacity=\"0.3\" stroke=\"white\" stroke-width=\"1.5\" stroke-linecap=\"round\" stroke-linejoin=\"round\"\/>\r\n        <\/svg><\/i>                        <div class=\"lds-dual-ring\"><\/div>\r\n                    <\/div>\r\n                <\/a>\r\n                        <a href=\"https:\/\/linastay.com\/fr\/activity\/aventure-dans-le-desert-dagafay-quad-chameau-experience-diner-traditionnel\/\">\r\n                <img decoding=\"async\" itemprop=\"image\" src=\"https:\/\/placehold.co\/600x400\"\r\n                     alt=\"Aventure dans le D\u00e9sert d\u2019Agafay : Quad, Chameau &amp; Exp\u00e9rience D\u00eener Traditionnel\" class=\"image-feature st-hover-grow\"\/>\r\n            <\/a>\r\n                                <\/div>\r\n        <div class=\"content-item\">\r\n                            <div class=\"sub-title st-address d-flex align-items-center\" itemprop=\"location\" itemscope itemtype=\"https:\/\/schema.org\/Place\">\r\n                    <span itemprop=\"name\"> <i class=\"stt-icon-location1\"><\/i> D\u00e9sert d\u2019Agafay; Maroc<\/span>\r\n                <\/div>\r\n                        <div class=\"event-date d-none\" itemprop=\"startDate\" content=\"2026-04-06 19:11:09\">2026-04-06 19:11:09<\/div>\r\n            <h3 class=\"title\" itemprop=\"name\">\r\n                <a href=\"https:\/\/linastay.com\/fr\/activity\/aventure-dans-le-desert-dagafay-quad-chameau-experience-diner-traditionnel\/\"\r\n                   class=\"c-main\">Aventure dans le D\u00e9sert d\u2019Agafay : Quad, Chameau &amp; Exp\u00e9rience D\u00eener Traditionnel<\/a>\r\n            <\/h3>\r\n            <div class=\"reviews\" itemprop=\"aggregateRating\" itemscope itemtype=\"https:\/\/schema.org\/AggregateRating\">\r\n                <i class=\"stt-icon-star1\"><\/i>\r\n                <span class=\"rate\" itemprop=\"ratingValue\">\r\n                    0                <\/span>\r\n                <span class=\"summary\" itemprop=\"reviewCount\">\r\n                    (No Review)\r\n                <\/span>\r\n            <\/div>\r\n            <div class=\"event-date d-none\" itemprop=\"startDate\" content=\"2026-04-06 19:11:09\">2026-04-06 19:11:09<\/div>\r\n            <div class=\"section-footer\">\r\n\r\n                <div class=\"price-wrapper price-wrapper-tour d-flex align-items-end justify-content-between\">\r\n                    <span class=\"price-tour\">\r\n                        <span class=\"price d-flex justify-content-around flex-column\"><span class=\"sale-top\">From<span class=\"text-lg lh1em item \"> 800 MAD<\/span><\/span><\/span>\r\n                    <\/span>\r\n                                                <span class=\"unit\"><i class=\"input-icon st-border-radius field-icon fa\"><svg height=\"16px\" width=\"16px\" version=\"1.1\" xmlns=\"http:\/\/www.w3.org\/2000\/svg\" xmlns:xlink=\"http:\/\/www.w3.org\/1999\/xlink\" x=\"0px\" y=\"0px\"\r\n     viewBox=\"0 0 24 24\" style=\"enable-background:new 0 0 24 24;\" xml:space=\"preserve\">\r\n\r\n<g fill=\"#5E6D77\">\r\n    <path d=\"M12,23.25C5.797,23.25,0.75,18.203,0.75,12C0.75,5.797,5.797,0.75,12,0.75c6.203,0,11.25,5.047,11.25,11.25\r\n        C23.25,18.203,18.203,23.25,12,23.25z M12,2.25c-5.376,0-9.75,4.374-9.75,9.75s4.374,9.75,9.75,9.75s9.75-4.374,9.75-9.75\r\n        S17.376,2.25,12,2.25z\"\/>\r\n    <path d=\"M15.75,16.5c-0.2,0-0.389-0.078-0.53-0.22l-2.25-2.25c-0.302,0.145-0.632,0.22-0.969,0.22c-1.241,0-2.25-1.009-2.25-2.25\r\n        c0-0.96,0.615-1.808,1.5-2.121V5.25c0-0.414,0.336-0.75,0.75-0.75s0.75,0.336,0.75,0.75v4.629c0.885,0.314,1.5,1.162,1.5,2.121\r\n        c0,0.338-0.075,0.668-0.22,0.969l2.25,2.25c0.292,0.292,0.292,0.768,0,1.061C16.139,16.422,15.95,16.5,15.75,16.5z M12,11.25\r\n        c-0.414,0-0.75,0.336-0.75,0.75s0.336,0.75,0.75,0.75s0.75-0.336,0.75-0.75S12.414,11.25,12,11.25z\"\/>\r\n<\/g>\r\n<\/svg><\/i>Demi-journ\u00e9e<\/span>\r\n                        \r\n                <\/div>\r\n            <\/div>\r\n        <\/div>\r\n    <\/div>\r\n<\/div>\r\n\r\n<\/div><div class=\"col-12 col-sm-12 col-md-6 col-lg-6 col-xl-3\"><div class=\"services-item grid item-elementor\" itemscope itemtype=\"https:\/\/schema.org\/Event\">\r\n    <div class=\"item service-border st-border-radius\">\r\n        <div class=\"featured-image\">\r\n            <div class=\"st-tag-feature-sale\">\r\n                                \r\n            <\/div>\r\n                            <a href=\"#\" class=\"login\" data-bs-toggle=\"modal\" data-bs-target=\"#st-login-form\">\r\n                    <div class=\"service-add-wishlist\" title=\"Add to wishlist\">\r\n                        <i class=\"st-border-radius field-icon\"><svg xmlns=\"http:\/\/www.w3.org\/2000\/svg\" width=\"23\" height=\"22\" viewBox=\"0 0 23 22\" fill=\"none\">\r\n        <path fill-rule=\"evenodd\" clip-rule=\"evenodd\" d=\"M0.75 7.68998C0.75 4.18927 3.57229 1.34998 7.06 1.34998C8.79674 1.34998 10.3646 2.05596 11.5003 3.19469C12.6385 2.05561 14.2122 1.34998 15.94 1.34998C19.4277 1.34998 22.25 4.18927 22.25 7.68998C22.25 11.4395 20.5107 14.4001 18.4342 16.5276C16.3683 18.6443 13.9235 19.9861 12.3657 20.5186C12.0914 20.6147 11.7773 20.65 11.5 20.65C11.2227 20.65 10.9086 20.6147 10.6343 20.5186C9.07655 19.9861 6.63169 18.6443 4.56577 16.5276C2.48932 14.4001 0.75 11.4395 0.75 7.68998Z\" fill=\"#232323\" fill-opacity=\"0.3\" stroke=\"white\" stroke-width=\"1.5\" stroke-linecap=\"round\" stroke-linejoin=\"round\"\/>\r\n        <\/svg><\/i>                        <div class=\"lds-dual-ring\"><\/div>\r\n                    <\/div>\r\n                <\/a>\r\n                        <a href=\"https:\/\/linastay.com\/fr\/activity\/aventure-en-quad-dans-le-desert-dagafay-experience-palpitante-dune-demi-journee\/\">\r\n                <img decoding=\"async\" itemprop=\"image\" src=\"https:\/\/placehold.co\/600x400\"\r\n                     alt=\"Aventure en Quad dans le D\u00e9sert d\u2019Agafay : Exp\u00e9rience Palpitante d\u2019une Demi-Journ\u00e9e\" class=\"image-feature st-hover-grow\"\/>\r\n            <\/a>\r\n                                <\/div>\r\n        <div class=\"content-item\">\r\n                            <div class=\"sub-title st-address d-flex align-items-center\" itemprop=\"location\" itemscope itemtype=\"https:\/\/schema.org\/Place\">\r\n                    <span itemprop=\"name\"> <i class=\"stt-icon-location1\"><\/i> D\u00e9sert d\u2019Agafay, Morocco<\/span>\r\n                <\/div>\r\n                        <div class=\"event-date d-none\" itemprop=\"startDate\" content=\"2026-04-06 19:11:09\">2026-04-06 19:11:09<\/div>\r\n            <h3 class=\"title\" itemprop=\"name\">\r\n                <a href=\"https:\/\/linastay.com\/fr\/activity\/aventure-en-quad-dans-le-desert-dagafay-experience-palpitante-dune-demi-journee\/\"\r\n                   class=\"c-main\">Aventure en Quad dans le D\u00e9sert d\u2019Agafay : Exp\u00e9rience Palpitante d\u2019une Demi-Journ\u00e9e<\/a>\r\n            <\/h3>\r\n            <div class=\"reviews\" itemprop=\"aggregateRating\" itemscope itemtype=\"https:\/\/schema.org\/AggregateRating\">\r\n                <i class=\"stt-icon-star1\"><\/i>\r\n                <span class=\"rate\" itemprop=\"ratingValue\">\r\n                    0                <\/span>\r\n                <span class=\"summary\" itemprop=\"reviewCount\">\r\n                    (No Review)\r\n                <\/span>\r\n            <\/div>\r\n            <div class=\"event-date d-none\" itemprop=\"startDate\" content=\"2026-04-06 19:11:09\">2026-04-06 19:11:09<\/div>\r\n            <div class=\"section-footer\">\r\n\r\n                <div class=\"price-wrapper price-wrapper-tour d-flex align-items-end justify-content-between\">\r\n                    <span class=\"price-tour\">\r\n                        <span class=\"price d-flex justify-content-around flex-column\"><span class=\"sale-top\">From<span class=\"text-lg lh1em item \"> 650 MAD<\/span><\/span><\/span>\r\n                    <\/span>\r\n                                                <span class=\"unit\"><i class=\"input-icon st-border-radius field-icon fa\"><svg height=\"16px\" width=\"16px\" version=\"1.1\" xmlns=\"http:\/\/www.w3.org\/2000\/svg\" xmlns:xlink=\"http:\/\/www.w3.org\/1999\/xlink\" x=\"0px\" y=\"0px\"\r\n     viewBox=\"0 0 24 24\" style=\"enable-background:new 0 0 24 24;\" xml:space=\"preserve\">\r\n\r\n<g fill=\"#5E6D77\">\r\n    <path d=\"M12,23.25C5.797,23.25,0.75,18.203,0.75,12C0.75,5.797,5.797,0.75,12,0.75c6.203,0,11.25,5.047,11.25,11.25\r\n        C23.25,18.203,18.203,23.25,12,23.25z M12,2.25c-5.376,0-9.75,4.374-9.75,9.75s4.374,9.75,9.75,9.75s9.75-4.374,9.75-9.75\r\n        S17.376,2.25,12,2.25z\"\/>\r\n    <path d=\"M15.75,16.5c-0.2,0-0.389-0.078-0.53-0.22l-2.25-2.25c-0.302,0.145-0.632,0.22-0.969,0.22c-1.241,0-2.25-1.009-2.25-2.25\r\n        c0-0.96,0.615-1.808,1.5-2.121V5.25c0-0.414,0.336-0.75,0.75-0.75s0.75,0.336,0.75,0.75v4.629c0.885,0.314,1.5,1.162,1.5,2.121\r\n        c0,0.338-0.075,0.668-0.22,0.969l2.25,2.25c0.292,0.292,0.292,0.768,0,1.061C16.139,16.422,15.95,16.5,15.75,16.5z M12,11.25\r\n        c-0.414,0-0.75,0.336-0.75,0.75s0.336,0.75,0.75,0.75s0.75-0.336,0.75-0.75S12.414,11.25,12,11.25z\"\/>\r\n<\/g>\r\n<\/svg><\/i>Demi-journ\u00e9e<\/span>\r\n                        \r\n                <\/div>\r\n            <\/div>\r\n        <\/div>\r\n    <\/div>\r\n<\/div>\r\n\r\n<\/div><div class=\"col-12 col-sm-12 col-md-6 col-lg-6 col-xl-3\"><div class=\"services-item grid item-elementor\" itemscope itemtype=\"https:\/\/schema.org\/Event\">\r\n    <div class=\"item service-border st-border-radius\">\r\n        <div class=\"featured-image\">\r\n            <div class=\"st-tag-feature-sale\">\r\n                                \r\n            <\/div>\r\n                            <a href=\"#\" class=\"login\" data-bs-toggle=\"modal\" data-bs-target=\"#st-login-form\">\r\n                    <div class=\"service-add-wishlist\" title=\"Add to wishlist\">\r\n                        <i class=\"st-border-radius field-icon\"><svg xmlns=\"http:\/\/www.w3.org\/2000\/svg\" width=\"23\" height=\"22\" viewBox=\"0 0 23 22\" fill=\"none\">\r\n        <path fill-rule=\"evenodd\" clip-rule=\"evenodd\" d=\"M0.75 7.68998C0.75 4.18927 3.57229 1.34998 7.06 1.34998C8.79674 1.34998 10.3646 2.05596 11.5003 3.19469C12.6385 2.05561 14.2122 1.34998 15.94 1.34998C19.4277 1.34998 22.25 4.18927 22.25 7.68998C22.25 11.4395 20.5107 14.4001 18.4342 16.5276C16.3683 18.6443 13.9235 19.9861 12.3657 20.5186C12.0914 20.6147 11.7773 20.65 11.5 20.65C11.2227 20.65 10.9086 20.6147 10.6343 20.5186C9.07655 19.9861 6.63169 18.6443 4.56577 16.5276C2.48932 14.4001 0.75 11.4395 0.75 7.68998Z\" fill=\"#232323\" fill-opacity=\"0.3\" stroke=\"white\" stroke-width=\"1.5\" stroke-linecap=\"round\" stroke-linejoin=\"round\"\/>\r\n        <\/svg><\/i>                        <div class=\"lds-dual-ring\"><\/div>\r\n                    <\/div>\r\n                <\/a>\r\n                        <a href=\"https:\/\/linastay.com\/fr\/activity\/balade-a-dos-de-chameau-dans-le-desert-dagafay-coucher-de-soleil-experience-de-the-traditionnel\/\">\r\n                <img decoding=\"async\" itemprop=\"image\" src=\"https:\/\/placehold.co\/600x400\"\r\n                     alt=\"Balade \u00e0 Dos de Chameau dans le D\u00e9sert d\u2019Agafay : Coucher de Soleil &amp;Th\u00e9<br>\" class=\"image-feature st-hover-grow\"\/>\r\n            <\/a>\r\n                                <\/div>\r\n        <div class=\"content-item\">\r\n                            <div class=\"sub-title st-address d-flex align-items-center\" itemprop=\"location\" itemscope itemtype=\"https:\/\/schema.org\/Place\">\r\n                    <span itemprop=\"name\"> <i class=\"stt-icon-location1\"><\/i> D\u00e9sert d\u2019Agafay, Morocco<\/span>\r\n                <\/div>\r\n                        <div class=\"event-date d-none\" itemprop=\"startDate\" content=\"2026-04-06 19:11:09\">2026-04-06 19:11:09<\/div>\r\n            <h3 class=\"title\" itemprop=\"name\">\r\n                <a href=\"https:\/\/linastay.com\/fr\/activity\/balade-a-dos-de-chameau-dans-le-desert-dagafay-coucher-de-soleil-experience-de-the-traditionnel\/\"\r\n                   class=\"c-main\">Balade \u00e0 Dos de Chameau dans le D\u00e9sert d\u2019Agafay : Coucher de Soleil &amp;Th\u00e9<br><\/a>\r\n            <\/h3>\r\n            <div class=\"reviews\" itemprop=\"aggregateRating\" itemscope itemtype=\"https:\/\/schema.org\/AggregateRating\">\r\n                <i class=\"stt-icon-star1\"><\/i>\r\n                <span class=\"rate\" itemprop=\"ratingValue\">\r\n                    0                <\/span>\r\n                <span class=\"summary\" itemprop=\"reviewCount\">\r\n                    (No Review)\r\n                <\/span>\r\n            <\/div>\r\n            <div class=\"event-date d-none\" itemprop=\"startDate\" content=\"2026-04-06 19:11:09\">2026-04-06 19:11:09<\/div>\r\n            <div class=\"section-footer\">\r\n\r\n                <div class=\"price-wrapper price-wrapper-tour d-flex align-items-end justify-content-between\">\r\n                    <span class=\"price-tour\">\r\n                        <span class=\"price d-flex justify-content-around flex-column\"><span class=\"sale-top\">From<span class=\"text-lg lh1em item \"> 450 MAD<\/span><\/span><\/span>\r\n                    <\/span>\r\n                                                <span class=\"unit\"><i class=\"input-icon st-border-radius field-icon fa\"><svg height=\"16px\" width=\"16px\" version=\"1.1\" xmlns=\"http:\/\/www.w3.org\/2000\/svg\" xmlns:xlink=\"http:\/\/www.w3.org\/1999\/xlink\" x=\"0px\" y=\"0px\"\r\n     viewBox=\"0 0 24 24\" style=\"enable-background:new 0 0 24 24;\" xml:space=\"preserve\">\r\n\r\n<g fill=\"#5E6D77\">\r\n    <path d=\"M12,23.25C5.797,23.25,0.75,18.203,0.75,12C0.75,5.797,5.797,0.75,12,0.75c6.203,0,11.25,5.047,11.25,11.25\r\n        C23.25,18.203,18.203,23.25,12,23.25z M12,2.25c-5.376,0-9.75,4.374-9.75,9.75s4.374,9.75,9.75,9.75s9.75-4.374,9.75-9.75\r\n        S17.376,2.25,12,2.25z\"\/>\r\n    <path d=\"M15.75,16.5c-0.2,0-0.389-0.078-0.53-0.22l-2.25-2.25c-0.302,0.145-0.632,0.22-0.969,0.22c-1.241,0-2.25-1.009-2.25-2.25\r\n        c0-0.96,0.615-1.808,1.5-2.121V5.25c0-0.414,0.336-0.75,0.75-0.75s0.75,0.336,0.75,0.75v4.629c0.885,0.314,1.5,1.162,1.5,2.121\r\n        c0,0.338-0.075,0.668-0.22,0.969l2.25,2.25c0.292,0.292,0.292,0.768,0,1.061C16.139,16.422,15.95,16.5,15.75,16.5z M12,11.25\r\n        c-0.414,0-0.75,0.336-0.75,0.75s0.336,0.75,0.75,0.75s0.75-0.336,0.75-0.75S12.414,11.25,12,11.25z\"\/>\r\n<\/g>\r\n<\/svg><\/i>Demi-journ\u00e9e<\/span>\r\n                        \r\n                <\/div>\r\n            <\/div>\r\n        <\/div>\r\n    <\/div>\r\n<\/div>\r\n\r\n<\/div><div class=\"col-12 col-sm-12 col-md-6 col-lg-6 col-xl-3\"><div class=\"services-item grid item-elementor\" itemscope itemtype=\"https:\/\/schema.org\/Event\">\r\n    <div class=\"item service-border st-border-radius\">\r\n        <div class=\"featured-image\">\r\n            <div class=\"st-tag-feature-sale\">\r\n                                \r\n            <\/div>\r\n                            <a href=\"#\" class=\"login\" data-bs-toggle=\"modal\" data-bs-target=\"#st-login-form\">\r\n                    <div class=\"service-add-wishlist\" title=\"Add to wishlist\">\r\n                        <i class=\"st-border-radius field-icon\"><svg xmlns=\"http:\/\/www.w3.org\/2000\/svg\" width=\"23\" height=\"22\" viewBox=\"0 0 23 22\" fill=\"none\">\r\n        <path fill-rule=\"evenodd\" clip-rule=\"evenodd\" d=\"M0.75 7.68998C0.75 4.18927 3.57229 1.34998 7.06 1.34998C8.79674 1.34998 10.3646 2.05596 11.5003 3.19469C12.6385 2.05561 14.2122 1.34998 15.94 1.34998C19.4277 1.34998 22.25 4.18927 22.25 7.68998C22.25 11.4395 20.5107 14.4001 18.4342 16.5276C16.3683 18.6443 13.9235 19.9861 12.3657 20.5186C12.0914 20.6147 11.7773 20.65 11.5 20.65C11.2227 20.65 10.9086 20.6147 10.6343 20.5186C9.07655 19.9861 6.63169 18.6443 4.56577 16.5276C2.48932 14.4001 0.75 11.4395 0.75 7.68998Z\" fill=\"#232323\" fill-opacity=\"0.3\" stroke=\"white\" stroke-width=\"1.5\" stroke-linecap=\"round\" stroke-linejoin=\"round\"\/>\r\n        <\/svg><\/i>                        <div class=\"lds-dual-ring\"><\/div>\r\n                    <\/div>\r\n                <\/a>\r\n                        <a href=\"https:\/\/linastay.com\/fr\/activity\/jet-ski-au-lac-lalla-takerkoust-aventure-aquatique-acces-piscine\/\">\r\n                <img decoding=\"async\" itemprop=\"image\" src=\"https:\/\/placehold.co\/600x400\"\r\n                     alt=\"Jet Ski au Lac Lalla Takerkoust : Aventure Aquatique &amp; Acc\u00e8s Piscine\" class=\"image-feature st-hover-grow\"\/>\r\n            <\/a>\r\n                                <\/div>\r\n        <div class=\"content-item\">\r\n                            <div class=\"sub-title st-address d-flex align-items-center\" itemprop=\"location\" itemscope itemtype=\"https:\/\/schema.org\/Place\">\r\n                    <span itemprop=\"name\"> <i class=\"stt-icon-location1\"><\/i> Lalla Takerkoust, Morocco<\/span>\r\n                <\/div>\r\n                        <div class=\"event-date d-none\" itemprop=\"startDate\" content=\"2026-04-06 19:11:09\">2026-04-06 19:11:09<\/div>\r\n            <h3 class=\"title\" itemprop=\"name\">\r\n                <a href=\"https:\/\/linastay.com\/fr\/activity\/jet-ski-au-lac-lalla-takerkoust-aventure-aquatique-acces-piscine\/\"\r\n                   class=\"c-main\">Jet Ski au Lac Lalla Takerkoust : Aventure Aquatique &amp; Acc\u00e8s Piscine<\/a>\r\n            <\/h3>\r\n            <div class=\"reviews\" itemprop=\"aggregateRating\" itemscope itemtype=\"https:\/\/schema.org\/AggregateRating\">\r\n                <i class=\"stt-icon-star1\"><\/i>\r\n                <span class=\"rate\" itemprop=\"ratingValue\">\r\n                    0                <\/span>\r\n                <span class=\"summary\" itemprop=\"reviewCount\">\r\n                    (No Review)\r\n                <\/span>\r\n            <\/div>\r\n            <div class=\"event-date d-none\" itemprop=\"startDate\" content=\"2026-04-06 19:11:09\">2026-04-06 19:11:09<\/div>\r\n            <div class=\"section-footer\">\r\n\r\n                <div class=\"price-wrapper price-wrapper-tour d-flex align-items-end justify-content-between\">\r\n                    <span class=\"price-tour\">\r\n                        <span class=\"price d-flex justify-content-around flex-column\"><span class=\"sale-top\">From<span class=\"text-lg lh1em item \"> 1800 MAD<\/span><\/span><\/span>\r\n                    <\/span>\r\n                                                <span class=\"unit\"><i class=\"input-icon st-border-radius field-icon fa\"><svg height=\"16px\" width=\"16px\" version=\"1.1\" xmlns=\"http:\/\/www.w3.org\/2000\/svg\" xmlns:xlink=\"http:\/\/www.w3.org\/1999\/xlink\" x=\"0px\" y=\"0px\"\r\n     viewBox=\"0 0 24 24\" style=\"enable-background:new 0 0 24 24;\" xml:space=\"preserve\">\r\n\r\n<g fill=\"#5E6D77\">\r\n    <path d=\"M12,23.25C5.797,23.25,0.75,18.203,0.75,12C0.75,5.797,5.797,0.75,12,0.75c6.203,0,11.25,5.047,11.25,11.25\r\n        C23.25,18.203,18.203,23.25,12,23.25z M12,2.25c-5.376,0-9.75,4.374-9.75,9.75s4.374,9.75,9.75,9.75s9.75-4.374,9.75-9.75\r\n        S17.376,2.25,12,2.25z\"\/>\r\n    <path d=\"M15.75,16.5c-0.2,0-0.389-0.078-0.53-0.22l-2.25-2.25c-0.302,0.145-0.632,0.22-0.969,0.22c-1.241,0-2.25-1.009-2.25-2.25\r\n        c0-0.96,0.615-1.808,1.5-2.121V5.25c0-0.414,0.336-0.75,0.75-0.75s0.75,0.336,0.75,0.75v4.629c0.885,0.314,1.5,1.162,1.5,2.121\r\n        c0,0.338-0.075,0.668-0.22,0.969l2.25,2.25c0.292,0.292,0.292,0.768,0,1.061C16.139,16.422,15.95,16.5,15.75,16.5z M12,11.25\r\n        c-0.414,0-0.75,0.336-0.75,0.75s0.336,0.75,0.75,0.75s0.75-0.336,0.75-0.75S12.414,11.25,12,11.25z\"\/>\r\n<\/g>\r\n<\/svg><\/i>Demi-journ\u00e9e<\/span>\r\n                        \r\n                <\/div>\r\n            <\/div>\r\n        <\/div>\r\n    <\/div>\r\n<\/div>\r\n\r\n<\/div><\/div><\/div>    <\/div>\r\n\t\t\t\t<\/div>\n\t\t\t\t<\/div>\n\t\t\t\t\t<\/div>\n\t\t<\/div>\n\t\t\t\t\t<\/div>\n\t\t<\/section>\n\t\t\t\t<\/div>\n\t\t","protected":false},"excerpt":{"rendered":"<p>Des exp\u00e9riences inoubliables qui font vivre la Ville Rouge et ses environs. Chez Lina Stay, nous pensons que la meilleure fa\u00e7on de d\u00e9couvrir Marrakech est de la vivre pleinement. C\u2019est pourquoi nous proposons une s\u00e9lection d\u2019activit\u00e9s soigneusement choisies pour vous plonger dans la culture vibrante de la ville, ses paysages \u00e0 couper le souffle et [&hellip;]<\/p>\n","protected":false},"author":1,"featured_media":0,"parent":0,"menu_order":0,"comment_status":"closed","ping_status":"closed","template":"elementor_header_footer","meta":{"footnotes":""},"class_list":["post-15694","page","type-page","status-publish","has-post-thumbnail","hentry"],"jetpack_sharing_enabled":true,"_links":{"self":[{"href":"https:\/\/linastay.com\/fr\/wp-json\/wp\/v2\/pages\/15694","targetHints":{"allow":["GET"]}}],"collection":[{"href":"https:\/\/linastay.com\/fr\/wp-json\/wp\/v2\/pages"}],"about":[{"href":"https:\/\/linastay.com\/fr\/wp-json\/wp\/v2\/types\/page"}],"author":[{"embeddable":true,"href":"https:\/\/linastay.com\/fr\/wp-json\/wp\/v2\/users\/1"}],"replies":[{"embeddable":true,"href":"https:\/\/linastay.com\/fr\/wp-json\/wp\/v2\/comments?post=15694"}],"version-history":[{"count":2,"href":"https:\/\/linastay.com\/fr\/wp-json\/wp\/v2\/pages\/15694\/revisions"}],"predecessor-version":[{"id":16209,"href":"https:\/\/linastay.com\/fr\/wp-json\/wp\/v2\/pages\/15694\/revisions\/16209"}],"wp:attachment":[{"href":"https:\/\/linastay.com\/fr\/wp-json\/wp\/v2\/media?parent=15694"}],"curies":[{"name":"wp","href":"https:\/\/api.w.org\/{rel}","templated":true}]}}