{"id":15698,"date":"2025-09-13T14:36:10","date_gmt":"2025-09-13T14:36:10","guid":{"rendered":"https:\/\/linastay.com\/blog-2\/"},"modified":"2026-04-04T01:10:38","modified_gmt":"2026-04-04T01:10:38","slug":"blog-2","status":"publish","type":"page","link":"https:\/\/linastay.com\/fr\/blog-2\/","title":{"rendered":"Blog"},"content":{"rendered":"\t\t<div data-elementor-type=\"wp-page\" data-elementor-id=\"15698\" class=\"elementor elementor-15698 elementor-14582\">\n\t\t\t\t<div class=\"elementor-element elementor-element-44948e66 e-flex e-con-boxed e-con e-parent\" data-id=\"44948e66\" data-element_type=\"container\" data-e-type=\"container\" data-settings=\"{&quot;background_background&quot;:&quot;classic&quot;}\">\n\t\t\t\t\t<div class=\"e-con-inner\">\n\t\t\t\t<div class=\"elementor-element elementor-element-7674be8 elementor-widget__width-initial elementor-widget elementor-widget-heading\" data-id=\"7674be8\" data-element_type=\"widget\" data-e-type=\"widget\" data-widget_type=\"heading.default\">\n\t\t\t\t\t<h2 class=\"elementor-heading-title elementor-size-default\">Histoires, conseils et inspirations de Marrakech et d\u2019ailleurs.<\/h2>\t\t\t\t<\/div>\n\t\t\t\t<div class=\"elementor-element elementor-element-602bfb14 elementor-widget__width-initial elementor-widget elementor-widget-text-editor\" data-id=\"602bfb14\" data-element_type=\"widget\" data-e-type=\"widget\" data-widget_type=\"text-editor.default\">\n\t\t\t\t\t\t\t\t\t<p class=\"p1\">Le Journal de Lina Stay est votre guide privil\u00e9gi\u00e9 de Marrakech, un lieu o\u00f9 le voyage rencontre le storytelling. Ici, nous partageons plus que des recommandations ; nous offrons inspiration, conseils pratiques et r\u00e9cits authentiques qui font vivre la Ville Rouge. Des riads cach\u00e9s et souks anim\u00e9s aux excursions \u00e0 couper le souffle dans les montagnes de l\u2019Atlas et le d\u00e9sert d\u2019Agafay, notre blog vous connecte au c\u0153ur du Maroc.<\/p><p class=\"p1\">Chaque article est con\u00e7u pour vous aider \u00e0 planifier votre s\u00e9jour, d\u00e9couvrir des tr\u00e9sors culturels et profiter pleinement de votre temps. Que vous recherchiez des conseils de voyage, des exp\u00e9riences s\u00e9lectionn\u00e9es ou un aper\u00e7u du mode de vie marocain, notre Journal est l\u00e0 pour inspirer et informer.<\/p><p class=\"p1\">Chez Lina Stay, nous croyons que voyager, c\u2019est cr\u00e9er des souvenirs, et notre blog est l\u00e0 pour vous accompagner \u00e0 chaque \u00e9tape. Explorez, apprenez et laissez Marrakech vous surprendre.<\/p>\t\t\t\t\t\t\t\t<\/div>\n\t\t\t\t\t<\/div>\n\t\t\t\t<\/div>\n\t\t<div class=\"elementor-element elementor-element-67623c7f e-flex e-con-boxed e-con e-parent\" data-id=\"67623c7f\" data-element_type=\"container\" data-e-type=\"container\">\n\t\t\t\t\t<div class=\"e-con-inner\">\n\t\t\t\t\t<\/div>\n\t\t\t\t<\/div>\n\t\t\t\t<\/div>\n\t\t","protected":false},"excerpt":{"rendered":"<p>Histoires, conseils et inspirations de Marrakech et d\u2019ailleurs. Le Journal de Lina Stay est votre guide privil\u00e9gi\u00e9 de Marrakech, un lieu o\u00f9 le voyage rencontre le storytelling. Ici, nous partageons plus que des recommandations ; nous offrons inspiration, conseils pratiques et r\u00e9cits authentiques qui font vivre la Ville Rouge. Des riads cach\u00e9s et souks anim\u00e9s [&hellip;]<\/p>\n","protected":false},"author":1,"featured_media":0,"parent":0,"menu_order":0,"comment_status":"closed","ping_status":"closed","template":"elementor_header_footer","meta":{"footnotes":""},"class_list":["post-15698","page","type-page","status-publish","has-post-thumbnail","hentry"],"jetpack_sharing_enabled":true,"_links":{"self":[{"href":"https:\/\/linastay.com\/fr\/wp-json\/wp\/v2\/pages\/15698","targetHints":{"allow":["GET"]}}],"collection":[{"href":"https:\/\/linastay.com\/fr\/wp-json\/wp\/v2\/pages"}],"about":[{"href":"https:\/\/linastay.com\/fr\/wp-json\/wp\/v2\/types\/page"}],"author":[{"embeddable":true,"href":"https:\/\/linastay.com\/fr\/wp-json\/wp\/v2\/users\/1"}],"replies":[{"embeddable":true,"href":"https:\/\/linastay.com\/fr\/wp-json\/wp\/v2\/comments?post=15698"}],"version-history":[{"count":1,"href":"https:\/\/linastay.com\/fr\/wp-json\/wp\/v2\/pages\/15698\/revisions"}],"predecessor-version":[{"id":15699,"href":"https:\/\/linastay.com\/fr\/wp-json\/wp\/v2\/pages\/15698\/revisions\/15699"}],"wp:attachment":[{"href":"https:\/\/linastay.com\/fr\/wp-json\/wp\/v2\/media?parent=15698"}],"curies":[{"name":"wp","href":"https:\/\/api.w.org\/{rel}","templated":true}]}}