{"id":15720,"date":"2025-09-13T18:52:55","date_gmt":"2025-09-13T18:52:55","guid":{"rendered":"https:\/\/linastay.com\/evenements\/"},"modified":"2026-04-04T01:16:05","modified_gmt":"2026-04-04T01:16:05","slug":"evenements","status":"publish","type":"page","link":"https:\/\/linastay.com\/fr\/evenements\/","title":{"rendered":"\u00c9v\u00e9nements"},"content":{"rendered":"\t\t<div data-elementor-type=\"wp-page\" data-elementor-id=\"15720\" class=\"elementor elementor-15720 elementor-14662\">\n\t\t\t\t<div class=\"elementor-element elementor-element-42f605cc e-flex e-con-boxed e-con e-parent\" data-id=\"42f605cc\" data-element_type=\"container\" data-e-type=\"container\" data-settings=\"{&quot;background_background&quot;:&quot;classic&quot;}\">\n\t\t\t\t\t<div class=\"e-con-inner\">\n\t\t\t\t<div class=\"elementor-element elementor-element-1d659c72 elementor-widget__width-initial elementor-widget elementor-widget-heading\" data-id=\"1d659c72\" data-element_type=\"widget\" data-e-type=\"widget\" data-widget_type=\"heading.default\">\n\t\t\t\t\t<h2 class=\"elementor-heading-title elementor-size-default\">Confiance &amp; Lifestyle<\/h2>\t\t\t\t<\/div>\n\t\t\t\t<div class=\"elementor-element elementor-element-5db3ddf8 elementor-widget__width-initial elementor-widget elementor-widget-text-editor\" data-id=\"5db3ddf8\" data-element_type=\"widget\" data-e-type=\"widget\" data-widget_type=\"text-editor.default\">\n\t\t\t\t\t\t\t\t\t<p class=\"p1\">Chez <strong>Lina Stay<\/strong>, nous croyons que les moments sp\u00e9ciaux m\u00e9ritent des cadres inoubliables. Des retraites de yoga paisibles et anniversaires intimes aux mariages somptueux et f\u00eates de fin d\u2019\u00e9tudes anim\u00e9es, nous cr\u00e9ons des exp\u00e9riences sur mesure qui refl\u00e8tent votre vision et d\u00e9passent vos attentes. Avec Marrakech comme toile de fond, des villas \u00e9l\u00e9gantes et riads cach\u00e9s \u00e0 la magie du d\u00e9sert, chaque \u00e9v\u00e9nement devient v\u00e9ritablement unique.<\/p><p class=\"p1\">Notre \u00e9quipe d\u00e9vou\u00e9e s\u2019occupe de chaque d\u00e9tail, de la s\u00e9lection du lieu et de la d\u00e9coration \u00e0 l\u2019animation et \u00e0 la coordination des invit\u00e9s, garantissant une exp\u00e9rience fluide et sans stress. Que vous r\u00eaviez d\u2019une c\u00e9r\u00e9monie romantique, d\u2019une c\u00e9l\u00e9bration joyeuse ou d\u2019une retraite pleine de sens, Lina Stay transforme votre occasion en souvenirs durables.<\/p><p class=\"p1\">Notre \u00e9quipe locale, bas\u00e9e \u00e0 Marrakech, combine les standards internationaux de l\u2019hospitalit\u00e9 avec la chaleur de la culture marocaine, pour que chaque invit\u00e9 se sente chez lui d\u00e8s son arriv\u00e9e. Plus que de simples r\u00e9servations, nous cr\u00e9ons des liens entre les personnes, les lieux et les exp\u00e9riences, transformant un s\u00e9jour en souvenirs durables.<\/p>\t\t\t\t\t\t\t\t<\/div>\n\t\t\t\t<div class=\"elementor-element elementor-element-59ff8bb elementor-align-center elementor-widget elementor-widget-button\" data-id=\"59ff8bb\" data-element_type=\"widget\" data-e-type=\"widget\" data-widget_type=\"button.default\">\n\t\t\t\t\t\t\t\t\t\t<a class=\"elementor-button elementor-button-link elementor-size-sm\" href=\"https:\/\/linastay.com\/fr\/contact\/\">\n\t\t\t\t\t\t<span class=\"elementor-button-content-wrapper\">\n\t\t\t\t\t\t\t\t\t<span class=\"elementor-button-text\">Commencez \u00e0 planifier votre \u00e9v\u00e9nement<\/span>\n\t\t\t\t\t<\/span>\n\t\t\t\t\t<\/a>\n\t\t\t\t\t\t\t\t<\/div>\n\t\t\t\t\t<\/div>\n\t\t\t\t<\/div>\n\t\t<div class=\"elementor-element elementor-element-6d4ad30 e-flex e-con-boxed e-con e-parent\" data-id=\"6d4ad30\" data-element_type=\"container\" data-e-type=\"container\">\n\t\t\t\t\t<div class=\"e-con-inner\">\n\t\t<div class=\"elementor-element elementor-element-5c296675 e-con-full e-flex e-con e-child\" data-id=\"5c296675\" data-element_type=\"container\" data-e-type=\"container\">\n\t\t\t\t<div class=\"elementor-element elementor-element-257a517b st-overflow-hidden st-border-radius-8 elementor-widget elementor-widget-image\" data-id=\"257a517b\" data-element_type=\"widget\" data-e-type=\"widget\" data-widget_type=\"image.default\">\n\t\t\t\t\t\t\t\t\t\t\t\t\t\t\t<img fetchpriority=\"high\" decoding=\"async\" width=\"2560\" height=\"2560\" src=\"https:\/\/linastay.com\/wp-content\/uploads\/2025\/09\/pexels-lucaspezeta-2035066-scaled.jpg\" class=\"attachment-full size-full wp-image-15722\" alt=\"\" srcset=\"https:\/\/linastay.com\/wp-content\/uploads\/2025\/09\/pexels-lucaspezeta-2035066-scaled.jpg 2560w, https:\/\/linastay.com\/wp-content\/uploads\/2025\/09\/pexels-lucaspezeta-2035066-300x300.jpg 300w, https:\/\/linastay.com\/wp-content\/uploads\/2025\/09\/pexels-lucaspezeta-2035066-1024x1024.jpg 1024w, https:\/\/linastay.com\/wp-content\/uploads\/2025\/09\/pexels-lucaspezeta-2035066-150x150.jpg 150w, https:\/\/linastay.com\/wp-content\/uploads\/2025\/09\/pexels-lucaspezeta-2035066-1536x1536.jpg 1536w, https:\/\/linastay.com\/wp-content\/uploads\/2025\/09\/pexels-lucaspezeta-2035066-2048x2048.jpg 2048w, https:\/\/linastay.com\/wp-content\/uploads\/2025\/09\/pexels-lucaspezeta-2035066-scaled-600x600.jpg 600w, https:\/\/linastay.com\/wp-content\/uploads\/2025\/09\/pexels-lucaspezeta-2035066-100x100.jpg 100w\" sizes=\"(max-width: 2560px) 100vw, 2560px\" \/>\t\t\t\t\t\t\t\t\t\t\t\t\t\t\t<\/div>\n\t\t\t\t<\/div>\n\t\t<div class=\"elementor-element elementor-element-4f25d0db e-con-full e-flex e-con e-child\" data-id=\"4f25d0db\" data-element_type=\"container\" data-e-type=\"container\">\n\t\t\t\t<div class=\"elementor-element elementor-element-7385a2b2 elementor-widget elementor-widget-heading\" data-id=\"7385a2b2\" data-element_type=\"widget\" data-e-type=\"widget\" data-widget_type=\"heading.default\">\n\t\t\t\t\t<h3 class=\"elementor-heading-title elementor-size-default\">Retraites de yoga \u00e0 Marrakech et au-del\u00e0<\/h3>\t\t\t\t<\/div>\n\t\t\t\t<div class=\"elementor-element elementor-element-60298b78 elementor-widget elementor-widget-text-editor\" data-id=\"60298b78\" data-element_type=\"widget\" data-e-type=\"widget\" data-widget_type=\"text-editor.default\">\n\t\t\t\t\t\t\t\t\t<p class=\"p1\">Reconnectez-vous avec vous-m\u00eame dans la beaut\u00e9 sereine du Maroc gr\u00e2ce aux retraites de yoga s\u00e9lectionn\u00e9es par Lina Stay. Nous concevons des exp\u00e9riences tranquilles qui allient pratique consciente et cadre inspirant, des villas priv\u00e9es \u00e0 Marrakech aux paysages d\u00e9sertiques \u00e0 couper le souffle sous un ciel \u00e9toil\u00e9. Chaque retraite est personnalis\u00e9e pour cr\u00e9er \u00e9quilibre et harmonie, m\u00ealant s\u00e9ances quotidiennes de yoga et de m\u00e9ditation, repas nutritifs, rencontres culturelles et moments de pure d\u00e9tente.<\/p><p class=\"p1\">Nos retraites de yoga sont encadr\u00e9es par des instructeurs exp\u00e9riment\u00e9s qui adaptent les s\u00e9ances \u00e0 tous les niveaux, garantissant un environnement accueillant et bienveillant pour les d\u00e9butants comme pour les pratiquants confirm\u00e9s. Que vous cherchiez une escapade d\u2019un week-end ou une immersion prolong\u00e9e, nous nous occupons de chaque d\u00e9tail : h\u00e9bergements, activit\u00e9s bien-\u00eatre et transferts, pour que vous puissiez vous concentrer sur votre voyage int\u00e9rieur.<\/p><p class=\"p1\">Avec <strong>Lina Stay<\/strong>, votre retraite de yoga est plus qu\u2019une simple escapade ; c\u2019est une occasion de recharger votre corps, votre esprit et votre \u00e2me dans les cadres les plus magiques du Maroc.<\/p>\t\t\t\t\t\t\t\t<\/div>\n\t\t\t\t<\/div>\n\t\t\t\t\t<\/div>\n\t\t\t\t<\/div>\n\t\t<div class=\"elementor-element elementor-element-759b462d e-flex e-con-boxed e-con e-parent\" data-id=\"759b462d\" data-element_type=\"container\" data-e-type=\"container\">\n\t\t\t\t\t<div class=\"e-con-inner\">\n\t\t<div class=\"elementor-element elementor-element-458bc2fb e-con-full e-flex e-con e-child\" data-id=\"458bc2fb\" data-element_type=\"container\" data-e-type=\"container\">\n\t\t\t\t<div class=\"elementor-element elementor-element-b09aa10 elementor-widget elementor-widget-heading\" data-id=\"b09aa10\" data-element_type=\"widget\" data-e-type=\"widget\" data-widget_type=\"heading.default\">\n\t\t\t\t\t<h3 class=\"elementor-heading-title elementor-size-default\">Mariages inoubliables \u00e0 Marrakech<\/h3>\t\t\t\t<\/div>\n\t\t\t\t<div class=\"elementor-element elementor-element-f05e8f2 elementor-widget elementor-widget-text-editor\" data-id=\"f05e8f2\" data-element_type=\"widget\" data-e-type=\"widget\" data-widget_type=\"text-editor.default\">\n\t\t\t\t\t\t\t\t\t<p class=\"p1\">Chez <strong>Lina Stay<\/strong>, nous croyons que votre mariage doit \u00eatre absolument extraordinaire. Avec Marrakech comme toile de fond, des villas priv\u00e9es \u00e9l\u00e9gantes et jardins luxuriants \u00e0 la lueur dor\u00e9e du d\u00e9sert au coucher du soleil, nous cr\u00e9ons des c\u00e9r\u00e9monies et c\u00e9l\u00e9brations inoubliables qui refl\u00e8tent votre histoire d\u2019amour.<\/p><p class=\"p1\">Notre \u00e9quipe s\u2019occupe de chaque d\u00e9tail : choix du lieu, d\u00e9coration personnalis\u00e9e, animations, traiteur et coordination des invit\u00e9s. Que vous imaginiez un rassemblement intime ou une grande c\u00e9l\u00e9bration, nous adaptons chaque \u00e9l\u00e9ment pour correspondre \u00e0 votre style et \u00e0 vos attentes. Notre approche allie le charme marocain aux standards internationaux de l\u2019hospitalit\u00e9, garantissant un mariage \u00e0 la fois authentique et parfaitement orchestr\u00e9.<\/p><p class=\"p1\">Nous collaborons \u00e9troitement avec des partenaires de confiance pour offrir une exp\u00e9rience sans stress, vous permettant de profiter pleinement de chaque moment avec vos proches. Avec Lina Stay, votre mariage devient plus qu\u2019un \u00e9v\u00e9nement : il se transforme en un souvenir intemporel \u00e0 ch\u00e9rir pour toujours.<\/p>\t\t\t\t\t\t\t\t<\/div>\n\t\t\t\t<\/div>\n\t\t<div class=\"elementor-element elementor-element-2bf6ee2d e-con-full e-flex e-con e-child\" data-id=\"2bf6ee2d\" data-element_type=\"container\" data-e-type=\"container\">\n\t\t\t\t<div class=\"elementor-element elementor-element-22b21167 st-overflow-hidden st-border-radius-8 elementor-widget elementor-widget-image\" data-id=\"22b21167\" data-element_type=\"widget\" data-e-type=\"widget\" data-widget_type=\"image.default\">\n\t\t\t\t\t\t\t\t\t\t\t\t\t\t\t<img decoding=\"async\" width=\"2560\" height=\"2560\" src=\"https:\/\/linastay.com\/wp-content\/uploads\/2025\/09\/pexels-bohlemedia-1114425-scaled.jpg\" class=\"attachment-full size-full wp-image-15723\" alt=\"\" srcset=\"https:\/\/linastay.com\/wp-content\/uploads\/2025\/09\/pexels-bohlemedia-1114425-scaled.jpg 2560w, https:\/\/linastay.com\/wp-content\/uploads\/2025\/09\/pexels-bohlemedia-1114425-300x300.jpg 300w, https:\/\/linastay.com\/wp-content\/uploads\/2025\/09\/pexels-bohlemedia-1114425-1024x1024.jpg 1024w, https:\/\/linastay.com\/wp-content\/uploads\/2025\/09\/pexels-bohlemedia-1114425-150x150.jpg 150w, https:\/\/linastay.com\/wp-content\/uploads\/2025\/09\/pexels-bohlemedia-1114425-1536x1536.jpg 1536w, https:\/\/linastay.com\/wp-content\/uploads\/2025\/09\/pexels-bohlemedia-1114425-2048x2048.jpg 2048w, https:\/\/linastay.com\/wp-content\/uploads\/2025\/09\/pexels-bohlemedia-1114425-scaled-600x600.jpg 600w, https:\/\/linastay.com\/wp-content\/uploads\/2025\/09\/pexels-bohlemedia-1114425-100x100.jpg 100w\" sizes=\"(max-width: 2560px) 100vw, 2560px\" \/>\t\t\t\t\t\t\t\t\t\t\t\t\t\t\t<\/div>\n\t\t\t\t<\/div>\n\t\t\t\t\t<\/div>\n\t\t\t\t<\/div>\n\t\t<div class=\"elementor-element elementor-element-06acd70 e-flex e-con-boxed e-con e-parent\" data-id=\"06acd70\" data-element_type=\"container\" data-e-type=\"container\">\n\t\t\t\t\t<div class=\"e-con-inner\">\n\t\t<div class=\"elementor-element elementor-element-8fca0cf e-con-full e-flex e-con e-child\" data-id=\"8fca0cf\" data-element_type=\"container\" data-e-type=\"container\">\n\t\t\t\t<div class=\"elementor-element elementor-element-00fb931 st-overflow-hidden st-border-radius-8 elementor-widget elementor-widget-image\" data-id=\"00fb931\" data-element_type=\"widget\" data-e-type=\"widget\" data-widget_type=\"image.default\">\n\t\t\t\t\t\t\t\t\t\t\t\t\t\t\t<img decoding=\"async\" width=\"2560\" height=\"2560\" src=\"https:\/\/linastay.com\/wp-content\/uploads\/2025\/09\/pexels-alex-souza-763919741-29528052-2-scaled.jpg\" class=\"attachment-full size-full wp-image-15724\" alt=\"\" srcset=\"https:\/\/linastay.com\/wp-content\/uploads\/2025\/09\/pexels-alex-souza-763919741-29528052-2-scaled.jpg 2560w, https:\/\/linastay.com\/wp-content\/uploads\/2025\/09\/pexels-alex-souza-763919741-29528052-2-300x300.jpg 300w, https:\/\/linastay.com\/wp-content\/uploads\/2025\/09\/pexels-alex-souza-763919741-29528052-2-1024x1024.jpg 1024w, https:\/\/linastay.com\/wp-content\/uploads\/2025\/09\/pexels-alex-souza-763919741-29528052-2-150x150.jpg 150w, https:\/\/linastay.com\/wp-content\/uploads\/2025\/09\/pexels-alex-souza-763919741-29528052-2-1536x1536.jpg 1536w, https:\/\/linastay.com\/wp-content\/uploads\/2025\/09\/pexels-alex-souza-763919741-29528052-2-2048x2048.jpg 2048w, https:\/\/linastay.com\/wp-content\/uploads\/2025\/09\/pexels-alex-souza-763919741-29528052-2-scaled-600x600.jpg 600w, https:\/\/linastay.com\/wp-content\/uploads\/2025\/09\/pexels-alex-souza-763919741-29528052-2-100x100.jpg 100w\" sizes=\"(max-width: 2560px) 100vw, 2560px\" \/>\t\t\t\t\t\t\t\t\t\t\t\t\t\t\t<\/div>\n\t\t\t\t<\/div>\n\t\t<div class=\"elementor-element elementor-element-2eb3834 e-con-full e-flex e-con e-child\" data-id=\"2eb3834\" data-element_type=\"container\" data-e-type=\"container\">\n\t\t\t\t<div class=\"elementor-element elementor-element-f2d47fb elementor-widget elementor-widget-heading\" data-id=\"f2d47fb\" data-element_type=\"widget\" data-e-type=\"widget\" data-widget_type=\"heading.default\">\n\t\t\t\t\t<h3 class=\"elementor-heading-title elementor-size-default\">C\u00e9l\u00e9brez vos anniversaires avec style<\/h3>\t\t\t\t<\/div>\n\t\t\t\t<div class=\"elementor-element elementor-element-0e0503a elementor-widget elementor-widget-text-editor\" data-id=\"0e0503a\" data-element_type=\"widget\" data-e-type=\"widget\" data-widget_type=\"text-editor.default\">\n\t\t\t\t\t\t\t\t\t<p class=\"p1\">Un anniversaire n\u2019est pas seulement une date, c\u2019est une \u00e9tape \u00e0 c\u00e9l\u00e9brer avec \u00e9l\u00e9gance et joie. Chez Lina Stay, nous cr\u00e9ons des exp\u00e9riences d\u2019anniversaire inoubliables \u00e0 Marrakech, alliant romance, confort et une touche de magie marocaine. Des d\u00eeners intimes dans des villas priv\u00e9es aux rassemblements festifs sous les \u00e9toiles du d\u00e9sert, chaque c\u00e9l\u00e9bration est con\u00e7ue pour refl\u00e9ter votre histoire unique.<\/p><p class=\"p1\">Notre \u00e9quipe prend soin des moindres d\u00e9tails : d\u00e9coration personnalis\u00e9e, musique, gastronomie raffin\u00e9e et animations, garantissant une soir\u00e9e fluide et sans stress. Que vous c\u00e9l\u00e9briez une ann\u00e9e ensemble ou des d\u00e9cennies d\u2019amour, nous cr\u00e9ons une ambiance qui honore votre parcours tout en forgeant de nouveaux souvenirs \u00e0 ch\u00e9rir.<\/p><p class=\"p1\">Avec des cadres allant d\u2019appartements chics et riads aux villas de luxe et tentes berb\u00e8res, Lina Stay offre le d\u00e9cor parfait pour tout type d\u2019anniversaire. C\u00e9l\u00e9brez avec style, entour\u00e9s de beaut\u00e9, de confort et des personnes qui comptent le plus.<\/p>\t\t\t\t\t\t\t\t<\/div>\n\t\t\t\t<\/div>\n\t\t\t\t\t<\/div>\n\t\t\t\t<\/div>\n\t\t<div class=\"elementor-element elementor-element-301f6d6 e-flex e-con-boxed e-con e-parent\" data-id=\"301f6d6\" data-element_type=\"container\" data-e-type=\"container\">\n\t\t\t\t\t<div class=\"e-con-inner\">\n\t\t<div class=\"elementor-element elementor-element-a7d4a54 e-con-full e-flex e-con e-child\" data-id=\"a7d4a54\" data-element_type=\"container\" data-e-type=\"container\">\n\t\t\t\t<div class=\"elementor-element elementor-element-29baa77 elementor-widget elementor-widget-heading\" data-id=\"29baa77\" data-element_type=\"widget\" data-e-type=\"widget\" data-widget_type=\"heading.default\">\n\t\t\t\t\t<h3 class=\"elementor-heading-title elementor-size-default\">F\u00eates de remise de dipl\u00f4mes inoubliables<\/h3>\t\t\t\t<\/div>\n\t\t\t\t<div class=\"elementor-element elementor-element-6cad64f elementor-widget elementor-widget-text-editor\" data-id=\"6cad64f\" data-element_type=\"widget\" data-e-type=\"widget\" data-widget_type=\"text-editor.default\">\n\t\t\t\t\t\t\t\t\t<p class=\"p1\">Un dipl\u00f4me marque le d\u00e9but d\u2019un nouveau chapitre et m\u00e9rite d\u2019\u00eatre c\u00e9l\u00e9br\u00e9 d\u2019une mani\u00e8re qui refl\u00e8te fiert\u00e9, joie et r\u00e9ussite. Chez Lina Stay, nous organisons des f\u00eates de remise de dipl\u00f4mes inoubliables \u00e0 Marrakech, r\u00e9unissant famille, amis et camarades pour des moments de pure c\u00e9l\u00e9bration.<\/p><p class=\"p1\">Des villas priv\u00e9es \u00e9l\u00e9gantes avec piscine aux installations festives dans le d\u00e9sert, nous cr\u00e9ons l\u2019ambiance parfaite pour les rires, la musique et la danse. Notre \u00e9quipe s\u2019occupe de chaque d\u00e9tail : d\u00e9coration, restauration, animations et coordination des invit\u00e9s, afin que vous puissiez profiter pleinement du moment. Que vous pr\u00e9f\u00e9riez une r\u00e9union intime ou une grande f\u00eate anim\u00e9e, nous personnalisons chaque \u00e9v\u00e9nement pour correspondre \u00e0 votre style et \u00e0 votre vision.<\/p><p class=\"p1\">Avec Lina Stay, votre f\u00eate de remise de dipl\u00f4me devient plus qu\u2019une simple c\u00e9l\u00e9bration : c\u2019est une \u00e9tape marquante transform\u00e9e en souvenir durable, rempli de joie, d\u2019\u00e9nergie et d\u2019hospitalit\u00e9 marocaine.<\/p>\t\t\t\t\t\t\t\t<\/div>\n\t\t\t\t<\/div>\n\t\t<div class=\"elementor-element elementor-element-a3f0e62 e-con-full e-flex e-con e-child\" data-id=\"a3f0e62\" data-element_type=\"container\" data-e-type=\"container\">\n\t\t\t\t<div class=\"elementor-element elementor-element-bd5f6ce st-overflow-hidden st-border-radius-8 elementor-widget elementor-widget-image\" data-id=\"bd5f6ce\" data-element_type=\"widget\" data-e-type=\"widget\" data-widget_type=\"image.default\">\n\t\t\t\t\t\t\t\t\t\t\t\t\t\t\t<img loading=\"lazy\" decoding=\"async\" width=\"2560\" height=\"2560\" src=\"https:\/\/linastay.com\/wp-content\/uploads\/2025\/09\/pexels-ruya-fotograf-2155811622-33911552-scaled.jpg\" class=\"attachment-full size-full wp-image-15725\" alt=\"\" srcset=\"https:\/\/linastay.com\/wp-content\/uploads\/2025\/09\/pexels-ruya-fotograf-2155811622-33911552-scaled.jpg 2560w, https:\/\/linastay.com\/wp-content\/uploads\/2025\/09\/pexels-ruya-fotograf-2155811622-33911552-300x300.jpg 300w, https:\/\/linastay.com\/wp-content\/uploads\/2025\/09\/pexels-ruya-fotograf-2155811622-33911552-1024x1024.jpg 1024w, https:\/\/linastay.com\/wp-content\/uploads\/2025\/09\/pexels-ruya-fotograf-2155811622-33911552-150x150.jpg 150w, https:\/\/linastay.com\/wp-content\/uploads\/2025\/09\/pexels-ruya-fotograf-2155811622-33911552-1536x1536.jpg 1536w, https:\/\/linastay.com\/wp-content\/uploads\/2025\/09\/pexels-ruya-fotograf-2155811622-33911552-2048x2048.jpg 2048w, https:\/\/linastay.com\/wp-content\/uploads\/2025\/09\/pexels-ruya-fotograf-2155811622-33911552-scaled-600x600.jpg 600w, https:\/\/linastay.com\/wp-content\/uploads\/2025\/09\/pexels-ruya-fotograf-2155811622-33911552-100x100.jpg 100w\" sizes=\"(max-width: 2560px) 100vw, 2560px\" \/>\t\t\t\t\t\t\t\t\t\t\t\t\t\t\t<\/div>\n\t\t\t\t<\/div>\n\t\t\t\t\t<\/div>\n\t\t\t\t<\/div>\n\t\t<div class=\"elementor-element elementor-element-7c0ec116 e-flex e-con-boxed e-con e-parent\" data-id=\"7c0ec116\" data-element_type=\"container\" data-e-type=\"container\">\n\t\t\t\t\t<div class=\"e-con-inner\">\n\t\t<div class=\"elementor-element elementor-element-3bdc3fdb e-flex e-con-boxed e-con e-child\" data-id=\"3bdc3fdb\" data-element_type=\"container\" data-e-type=\"container\" data-settings=\"{&quot;background_background&quot;:&quot;classic&quot;}\">\n\t\t\t\t\t<div class=\"e-con-inner\">\n\t\t\t\t<div class=\"elementor-element elementor-element-1ef599bd elementor-widget-mobile__width-inherit elementor-widget elementor-widget-heading\" data-id=\"1ef599bd\" data-element_type=\"widget\" data-e-type=\"widget\" data-widget_type=\"heading.default\">\n\t\t\t\t\t<div class=\"elementor-heading-title elementor-size-default\">Planifiez votre \u00e9v\u00e9nement avec nous<\/div>\t\t\t\t<\/div>\n\t\t\t\t<div class=\"elementor-element elementor-element-4268fb7b elementor-widget__width-initial elementor-widget-mobile__width-inherit elementor-widget elementor-widget-heading\" data-id=\"4268fb7b\" data-element_type=\"widget\" data-e-type=\"widget\" data-widget_type=\"heading.default\">\n\t\t\t\t\t<h2 class=\"elementor-heading-title elementor-size-default\">Laissez-nous g\u00e9rer les d\u00e9tails \u2014 des lieux et d\u00e9corations aux animations et coordination \u2014 pour que vous puissiez vous concentrer sur ce qui compte vraiment : profiter de votre journ\u00e9e.<\/h2>\t\t\t\t<\/div>\n\t\t\t\t<div class=\"elementor-element elementor-element-3c57320b elementor-widget elementor-widget-button\" data-id=\"3c57320b\" data-element_type=\"widget\" data-e-type=\"widget\" data-widget_type=\"button.default\">\n\t\t\t\t\t\t\t\t\t\t<a class=\"elementor-button elementor-button-link elementor-size-sm\" href=\"https:\/\/linastay.com\/fr\/contact\/\">\n\t\t\t\t\t\t<span class=\"elementor-button-content-wrapper\">\n\t\t\t\t\t\t<span class=\"elementor-button-icon\">\n\t\t\t\t<svg xmlns=\"http:\/\/www.w3.org\/2000\/svg\" width=\"14\" height=\"10\" viewBox=\"0 0 14 10\" fill=\"none\"><path fill-rule=\"evenodd\" clip-rule=\"evenodd\" d=\"M8.26647 0.599765C8.46173 0.404503 8.77831 0.404503 8.97357 0.599765L13.0202 4.64643C13.114 4.7402 13.1667 4.86738 13.1667 4.99999C13.1667 5.13259 13.114 5.25977 13.0202 5.35354L8.97357 9.4002C8.77831 9.59547 8.46173 9.59547 8.26647 9.4002C8.0712 9.20494 8.0712 8.88836 8.26647 8.6931L11.4596 5.49999H1.33335C1.05721 5.49999 0.833354 5.27613 0.833354 4.99999C0.833354 4.72384 1.05721 4.49999 1.33335 4.49999H11.4596L8.26647 1.30687C8.0712 1.11161 8.0712 0.795027 8.26647 0.599765Z\" fill=\"#232323\"><\/path><path fill-rule=\"evenodd\" clip-rule=\"evenodd\" d=\"M8.14862 0.481914C8.40897 0.221564 8.83107 0.221564 9.09142 0.481914L13.1381 4.52858C13.2631 4.6536 13.3334 4.82317 13.3334 4.99999C13.3334 5.1768 13.2631 5.34637 13.1381 5.47139L9.09142 9.51806C8.83107 9.77841 8.40897 9.77841 8.14862 9.51806C7.88827 9.25771 7.88827 8.8356 8.14862 8.57525L11.0572 5.66665H1.33335C0.965164 5.66665 0.666687 5.36818 0.666687 4.99999C0.666687 4.6318 0.965164 4.33332 1.33335 4.33332H11.0572L8.14862 1.42472C7.88827 1.16437 7.88827 0.742263 8.14862 0.481914ZM8.85572 0.717616C8.72555 0.587441 8.51449 0.587441 8.38432 0.717616C8.25414 0.847791 8.25414 1.05885 8.38432 1.18902L11.5774 4.38213C11.6251 4.4298 11.6394 4.50149 11.6136 4.56377C11.5878 4.62604 11.527 4.66665 11.4596 4.66665H1.33335C1.14926 4.66665 1.00002 4.81589 1.00002 4.99999C1.00002 5.18408 1.14926 5.33332 1.33335 5.33332H11.4596C11.527 5.33332 11.5878 5.37393 11.6136 5.4362C11.6394 5.49848 11.6251 5.57017 11.5774 5.61784L8.38432 8.81095C8.25414 8.94112 8.25414 9.15218 8.38432 9.28235C8.51449 9.41253 8.72555 9.41253 8.85572 9.28235L12.9024 5.23569C12.9649 5.17318 13 5.08839 13 4.99999C13 4.91158 12.9649 4.82679 12.9024 4.76428L8.85572 0.717616Z\" fill=\"#232323\"><\/path><\/svg>\t\t\t<\/span>\n\t\t\t\t\t\t\t\t\t<span class=\"elementor-button-text\">Commencez \u00e0 planifier votre \u00e9v\u00e9nement<\/span>\n\t\t\t\t\t<\/span>\n\t\t\t\t\t<\/a>\n\t\t\t\t\t\t\t\t<\/div>\n\t\t\t\t\t<\/div>\n\t\t\t\t<\/div>\n\t\t\t\t\t<\/div>\n\t\t\t\t<\/div>\n\t\t\t\t<\/div>\n\t\t","protected":false},"excerpt":{"rendered":"<p>Confiance &amp; Lifestyle Chez Lina Stay, nous croyons que les moments sp\u00e9ciaux m\u00e9ritent des cadres inoubliables. Des retraites de yoga paisibles et anniversaires intimes aux mariages somptueux et f\u00eates de fin d\u2019\u00e9tudes anim\u00e9es, nous cr\u00e9ons des exp\u00e9riences sur mesure qui refl\u00e8tent votre vision et d\u00e9passent vos attentes. Avec Marrakech comme toile de fond, des villas [&hellip;]<\/p>\n","protected":false},"author":1,"featured_media":0,"parent":0,"menu_order":0,"comment_status":"closed","ping_status":"closed","template":"elementor_header_footer","meta":{"footnotes":""},"class_list":["post-15720","page","type-page","status-publish","has-post-thumbnail","hentry"],"jetpack_sharing_enabled":true,"_links":{"self":[{"href":"https:\/\/linastay.com\/fr\/wp-json\/wp\/v2\/pages\/15720","targetHints":{"allow":["GET"]}}],"collection":[{"href":"https:\/\/linastay.com\/fr\/wp-json\/wp\/v2\/pages"}],"about":[{"href":"https:\/\/linastay.com\/fr\/wp-json\/wp\/v2\/types\/page"}],"author":[{"embeddable":true,"href":"https:\/\/linastay.com\/fr\/wp-json\/wp\/v2\/users\/1"}],"replies":[{"embeddable":true,"href":"https:\/\/linastay.com\/fr\/wp-json\/wp\/v2\/comments?post=15720"}],"version-history":[{"count":1,"href":"https:\/\/linastay.com\/fr\/wp-json\/wp\/v2\/pages\/15720\/revisions"}],"predecessor-version":[{"id":15727,"href":"https:\/\/linastay.com\/fr\/wp-json\/wp\/v2\/pages\/15720\/revisions\/15727"}],"wp:attachment":[{"href":"https:\/\/linastay.com\/fr\/wp-json\/wp\/v2\/media?parent=15720"}],"curies":[{"name":"wp","href":"https:\/\/api.w.org\/{rel}","templated":true}]}}