{"id":15732,"date":"2025-09-16T08:49:08","date_gmt":"2025-09-16T08:49:08","guid":{"rendered":"https:\/\/linastay.com\/transports\/"},"modified":"2026-04-04T01:11:24","modified_gmt":"2026-04-04T01:11:24","slug":"transports","status":"publish","type":"page","link":"https:\/\/linastay.com\/fr\/transports\/","title":{"rendered":"Transports"},"content":{"rendered":"\t\t<div data-elementor-type=\"wp-page\" data-elementor-id=\"15732\" class=\"elementor elementor-15732 elementor-15216\">\n\t\t\t\t<div class=\"elementor-element elementor-element-42f605cc e-flex e-con-boxed e-con e-parent\" data-id=\"42f605cc\" data-element_type=\"container\" data-e-type=\"container\" data-settings=\"{&quot;background_background&quot;:&quot;classic&quot;}\">\n\t\t\t\t\t<div class=\"e-con-inner\">\n\t\t\t\t<div class=\"elementor-element elementor-element-1d659c72 elementor-widget__width-initial elementor-widget elementor-widget-heading\" data-id=\"1d659c72\" data-element_type=\"widget\" data-e-type=\"widget\" data-widget_type=\"heading.default\">\n\t\t\t\t\t<h2 class=\"elementor-heading-title elementor-size-default\">Des taxis et transferts de groupe aux voitures priv\u00e9es et 4x4, Lina Stay vous transporte avec confort et style.<\/h2>\t\t\t\t<\/div>\n\t\t\t\t<div class=\"elementor-element elementor-element-5db3ddf8 elementor-widget__width-initial elementor-widget elementor-widget-text-editor\" data-id=\"5db3ddf8\" data-element_type=\"widget\" data-e-type=\"widget\" data-widget_type=\"text-editor.default\">\n\t\t\t\t\t\t\t\t\t<p class=\"p1\">Se d\u00e9placer \u00e0 Marrakech devrait \u00eatre aussi simple que le voyage que vous \u00eates venu faire. Chez Lina Stay, nous proposons une gamme compl\u00e8te d\u2019options de transport adapt\u00e9es \u00e0 vos besoins, que vous preniez un taxi rapide en ville, partagiez une navette confortable avec votre groupe, profitiez de l\u2019intimit\u00e9 d\u2019un chauffeur d\u00e9di\u00e9, ou partiez \u00e0 l\u2019aventure en 4&#215;4 tout-terrain. Chaque service est con\u00e7u en pensant \u00e0 votre confort, s\u00e9curit\u00e9 et emploi du temps.<\/p><p class=\"p1\">Nos v\u00e9hicules sont modernes, climatis\u00e9s et bien entretenus, tandis que nos chauffeurs professionnels et multilingues garantissent ponctualit\u00e9 et trajet fluide \u00e0 chaque fois. Qu\u2019il s\u2019agisse d\u2019un transfert depuis l\u2019a\u00e9roport, d\u2019une excursion d\u2019une journ\u00e9e dans les montagnes de l\u2019Atlas, d\u2019un transfert dans le d\u00e9sert ou d\u2019une simple sortie en soir\u00e9e, Lina Stay s\u2019occupe des d\u00e9tails pour que vous puissiez profiter pleinement de votre voyage.<\/p><p class=\"p1\">Avec nous, le transport n\u2019est pas seulement un trajet de A \u00e0 B ; c\u2019est une partie de l\u2019exp\u00e9rience.<\/p>\t\t\t\t\t\t\t\t<\/div>\n\t\t\t\t<div class=\"elementor-element elementor-element-59ff8bb elementor-align-center elementor-widget elementor-widget-button\" data-id=\"59ff8bb\" data-element_type=\"widget\" data-e-type=\"widget\" data-widget_type=\"button.default\">\n\t\t\t\t\t\t\t\t\t\t<a class=\"elementor-button elementor-button-link elementor-size-sm\" href=\"https:\/\/linastay.com\/fr\/contact\/\">\n\t\t\t\t\t\t<span class=\"elementor-button-content-wrapper\">\n\t\t\t\t\t\t\t\t\t<span class=\"elementor-button-text\">R\u00e9servez Votre Transfert Aujourd\u2019hui<\/span>\n\t\t\t\t\t<\/span>\n\t\t\t\t\t<\/a>\n\t\t\t\t\t\t\t\t<\/div>\n\t\t\t\t\t<\/div>\n\t\t\t\t<\/div>\n\t\t<div class=\"elementor-element elementor-element-6d4ad30 e-flex e-con-boxed e-con e-parent\" data-id=\"6d4ad30\" data-element_type=\"container\" data-e-type=\"container\">\n\t\t\t\t\t<div class=\"e-con-inner\">\n\t\t<div class=\"elementor-element elementor-element-5c296675 e-con-full e-flex e-con e-child\" data-id=\"5c296675\" data-element_type=\"container\" data-e-type=\"container\">\n\t\t\t\t<div class=\"elementor-element elementor-element-257a517b st-overflow-hidden st-border-radius-8 elementor-widget elementor-widget-image\" data-id=\"257a517b\" data-element_type=\"widget\" data-e-type=\"widget\" data-widget_type=\"image.default\">\n\t\t\t\t\t\t\t\t\t\t\t\t\t\t\t<img fetchpriority=\"high\" decoding=\"async\" width=\"2560\" height=\"2560\" src=\"https:\/\/linastay.com\/wp-content\/uploads\/2025\/09\/pexels-rodolfoclix-1521580-scaled.jpg\" class=\"attachment-full size-full wp-image-15733\" alt=\"\" srcset=\"https:\/\/linastay.com\/wp-content\/uploads\/2025\/09\/pexels-rodolfoclix-1521580-scaled.jpg 2560w, https:\/\/linastay.com\/wp-content\/uploads\/2025\/09\/pexels-rodolfoclix-1521580-300x300.jpg 300w, https:\/\/linastay.com\/wp-content\/uploads\/2025\/09\/pexels-rodolfoclix-1521580-1024x1024.jpg 1024w, https:\/\/linastay.com\/wp-content\/uploads\/2025\/09\/pexels-rodolfoclix-1521580-150x150.jpg 150w, https:\/\/linastay.com\/wp-content\/uploads\/2025\/09\/pexels-rodolfoclix-1521580-1536x1536.jpg 1536w, https:\/\/linastay.com\/wp-content\/uploads\/2025\/09\/pexels-rodolfoclix-1521580-2048x2048.jpg 2048w, https:\/\/linastay.com\/wp-content\/uploads\/2025\/09\/pexels-rodolfoclix-1521580-scaled-600x600.jpg 600w, https:\/\/linastay.com\/wp-content\/uploads\/2025\/09\/pexels-rodolfoclix-1521580-100x100.jpg 100w\" sizes=\"(max-width: 2560px) 100vw, 2560px\" \/>\t\t\t\t\t\t\t\t\t\t\t\t\t\t\t<\/div>\n\t\t\t\t<\/div>\n\t\t<div class=\"elementor-element elementor-element-4f25d0db e-con-full e-flex e-con e-child\" data-id=\"4f25d0db\" data-element_type=\"container\" data-e-type=\"container\">\n\t\t\t\t<div class=\"elementor-element elementor-element-7385a2b2 elementor-widget elementor-widget-heading\" data-id=\"7385a2b2\" data-element_type=\"widget\" data-e-type=\"widget\" data-widget_type=\"heading.default\">\n\t\t\t\t\t<h3 class=\"elementor-heading-title elementor-size-default\">Service de Taxi : Trajets Rapides &amp; Fiables<\/h3>\t\t\t\t<\/div>\n\t\t\t\t<div class=\"elementor-element elementor-element-60298b78 elementor-widget elementor-widget-text-editor\" data-id=\"60298b78\" data-element_type=\"widget\" data-e-type=\"widget\" data-widget_type=\"text-editor.default\">\n\t\t\t\t\t\t\t\t\t<p class=\"p1\">Pour de courts trajets \u00e0 Marrakech ou des transferts rapides et pratiques, notre <span class=\"s1\"><b>service de taxi<\/b><\/span> est le choix parfait. Que vous ayez besoin d\u2019un trajet depuis votre h\u00f4tel jusqu\u2019\u00e0 la M\u00e9dina, d\u2019un retour apr\u00e8s le d\u00eener, ou d\u2019un transfert vers l\u2019a\u00e9roport, nos taxis sont disponibles 24h\/24 et 7j\/7 pour vous conduire o\u00f9 vous le souhaitez.<\/p><p class=\"p1\">Chaque course est assur\u00e9e par un chauffeur professionnel qui conna\u00eet la ville parfaitement, garantissant ponctualit\u00e9 et tranquillit\u00e9 d\u2019esprit. Nos v\u00e9hicules sont modernes, propres et climatis\u00e9s, offrant un trajet confortable m\u00eame aux heures les plus charg\u00e9es de Marrakech.<\/p><p class=\"p1\">Avec Lina Stay, un taxi n\u2019est jamais qu\u2019un simple trajet ; c\u2019est une mani\u00e8re s\u00fbre, efficace et sans stress de se d\u00e9placer en ville.<\/p>\t\t\t\t\t\t\t\t<\/div>\n\t\t\t\t<\/div>\n\t\t\t\t\t<\/div>\n\t\t\t\t<\/div>\n\t\t<div class=\"elementor-element elementor-element-759b462d e-flex e-con-boxed e-con e-parent\" data-id=\"759b462d\" data-element_type=\"container\" data-e-type=\"container\">\n\t\t\t\t\t<div class=\"e-con-inner\">\n\t\t<div class=\"elementor-element elementor-element-458bc2fb e-con-full e-flex e-con e-child\" data-id=\"458bc2fb\" data-element_type=\"container\" data-e-type=\"container\">\n\t\t\t\t<div class=\"elementor-element elementor-element-b09aa10 elementor-widget elementor-widget-heading\" data-id=\"b09aa10\" data-element_type=\"widget\" data-e-type=\"widget\" data-widget_type=\"heading.default\">\n\t\t\t\t\t<h3 class=\"elementor-heading-title elementor-size-default\">Transferts de Groupe : Voyagez Ensemble en Confort<\/h3>\t\t\t\t<\/div>\n\t\t\t\t<div class=\"elementor-element elementor-element-f05e8f2 elementor-widget elementor-widget-text-editor\" data-id=\"f05e8f2\" data-element_type=\"widget\" data-e-type=\"widget\" data-widget_type=\"text-editor.default\">\n\t\t\t\t\t\t\t\t\t<p class=\"p1\">Lorsque vous voyagez en famille, entre amis ou avec des coll\u00e8gues, se d\u00e9placer ensemble doit \u00eatre simple et agr\u00e9able. Notre service de Transfert de Groupe propose des vans et minibus spacieux, con\u00e7us pour accueillir confortablement des groupes moyens \u00e0 grands. Parfait pour les transferts depuis l\u2019a\u00e9roport, les mariages, les sorties d\u2019\u00e9quipe ou les excursions, ce service garantit que tout le monde arrive \u00e0 l\u2019heure et sans stress.<\/p><p class=\"p1\">Chaque v\u00e9hicule est moderne, climatis\u00e9 et dispose d\u2019un espace suffisant pour les bagages, le mat\u00e9riel ou les accessoires d\u2019\u00e9v\u00e9nements. Nos chauffeurs professionnels prennent en charge la logistique afin que vous puissiez profiter pleinement du voyage ensemble.<\/p><p class=\"p1\">Avec Lina Stay, les d\u00e9placements en groupe deviennent fluides, pratiques et remplis de souvenirs partag\u00e9s d\u00e8s la route.<\/p>\t\t\t\t\t\t\t\t<\/div>\n\t\t\t\t<\/div>\n\t\t<div class=\"elementor-element elementor-element-2bf6ee2d e-con-full e-flex e-con e-child\" data-id=\"2bf6ee2d\" data-element_type=\"container\" data-e-type=\"container\">\n\t\t\t\t<div class=\"elementor-element elementor-element-22b21167 st-overflow-hidden st-border-radius-8 elementor-widget elementor-widget-image\" data-id=\"22b21167\" data-element_type=\"widget\" data-e-type=\"widget\" data-widget_type=\"image.default\">\n\t\t\t\t\t\t\t\t\t\t\t\t\t\t\t<img decoding=\"async\" width=\"1536\" height=\"1536\" src=\"https:\/\/linastay.com\/wp-content\/uploads\/2025\/09\/mini-bus-20-places-1536x1536.webp\" class=\"attachment-1536x1536 size-1536x1536 wp-image-15735\" alt=\"\" srcset=\"https:\/\/linastay.com\/wp-content\/uploads\/2025\/09\/mini-bus-20-places-1536x1536.webp 1536w, https:\/\/linastay.com\/wp-content\/uploads\/2025\/09\/mini-bus-20-places-300x300.webp 300w, https:\/\/linastay.com\/wp-content\/uploads\/2025\/09\/mini-bus-20-places-1024x1024.webp 1024w, https:\/\/linastay.com\/wp-content\/uploads\/2025\/09\/mini-bus-20-places-150x150.webp 150w, https:\/\/linastay.com\/wp-content\/uploads\/2025\/09\/mini-bus-20-places-2048x2048.webp 2048w, https:\/\/linastay.com\/wp-content\/uploads\/2025\/09\/mini-bus-20-places-100x100.webp 100w\" sizes=\"(max-width: 1536px) 100vw, 1536px\" \/>\t\t\t\t\t\t\t\t\t\t\t\t\t\t\t<\/div>\n\t\t\t\t<\/div>\n\t\t\t\t\t<\/div>\n\t\t\t\t<\/div>\n\t\t<div class=\"elementor-element elementor-element-06acd70 e-flex e-con-boxed e-con e-parent\" data-id=\"06acd70\" data-element_type=\"container\" data-e-type=\"container\">\n\t\t\t\t\t<div class=\"e-con-inner\">\n\t\t<div class=\"elementor-element elementor-element-8fca0cf e-con-full e-flex e-con e-child\" data-id=\"8fca0cf\" data-element_type=\"container\" data-e-type=\"container\">\n\t\t\t\t<div class=\"elementor-element elementor-element-00fb931 st-overflow-hidden st-border-radius-8 elementor-widget elementor-widget-image\" data-id=\"00fb931\" data-element_type=\"widget\" data-e-type=\"widget\" data-widget_type=\"image.default\">\n\t\t\t\t\t\t\t\t\t\t\t\t\t\t\t<img decoding=\"async\" width=\"1536\" height=\"1536\" src=\"https:\/\/linastay.com\/wp-content\/uploads\/2025\/09\/1740019857969-1536x1536.avif\" class=\"attachment-1536x1536 size-1536x1536 wp-image-15734\" alt=\"\" srcset=\"https:\/\/linastay.com\/wp-content\/uploads\/2025\/09\/1740019857969-1536x1536.avif 1536w, https:\/\/linastay.com\/wp-content\/uploads\/2025\/09\/1740019857969-300x300.avif 300w, https:\/\/linastay.com\/wp-content\/uploads\/2025\/09\/1740019857969-1024x1024.avif 1024w, https:\/\/linastay.com\/wp-content\/uploads\/2025\/09\/1740019857969-150x150.avif 150w, https:\/\/linastay.com\/wp-content\/uploads\/2025\/09\/1740019857969-2048x2048.avif 2048w, https:\/\/linastay.com\/wp-content\/uploads\/2025\/09\/1740019857969-100x100.avif 100w\" sizes=\"(max-width: 1536px) 100vw, 1536px\" \/>\t\t\t\t\t\t\t\t\t\t\t\t\t\t\t<\/div>\n\t\t\t\t<\/div>\n\t\t<div class=\"elementor-element elementor-element-2eb3834 e-con-full e-flex e-con e-child\" data-id=\"2eb3834\" data-element_type=\"container\" data-e-type=\"container\">\n\t\t\t\t<div class=\"elementor-element elementor-element-f2d47fb elementor-widget elementor-widget-heading\" data-id=\"f2d47fb\" data-element_type=\"widget\" data-e-type=\"widget\" data-widget_type=\"heading.default\">\n\t\t\t\t\t<h3 class=\"elementor-heading-title elementor-size-default\">Transferts Priv\u00e9s : Confort, priv\u00e9&amp; Flexible<\/h3>\t\t\t\t<\/div>\n\t\t\t\t<div class=\"elementor-element elementor-element-0e0503a elementor-widget elementor-widget-text-editor\" data-id=\"0e0503a\" data-element_type=\"widget\" data-e-type=\"widget\" data-widget_type=\"text-editor.default\">\n\t\t\t\t\t\t\t\t\t<p class=\"p1\">Pour les voyageurs qui appr\u00e9cient la commodit\u00e9, la discr\u00e9tion et une exp\u00e9rience personnalis\u00e9e, notre service de Transfert Priv\u00e9 est le choix parfait. Que vous vous rendiez \u00e0 l\u2019a\u00e9roport ou en reveniez, que vous exploriez Marrakech ou pr\u00e9voyiez un trajet plus long vers les montagnes de l\u2019Atlas ou le d\u00e9sert d\u2019Agafay, une voiture priv\u00e9e avec chauffeur d\u00e9di\u00e9 garantit un voyage fluide et sans stress.<\/p><p class=\"p1\">Notre flotte comprend des v\u00e9hicules modernes, bien entretenus et climatis\u00e9s, offrant un confort maximal pour les individus, les couples ou les familles. Avec des horaires flexibles et un service porte-\u00e0-porte, vous pouvez voyager \u00e0 votre rythme sans vous soucier des retards ou des arr\u00eats partag\u00e9s.<\/p><p class=\"p1\">Avec Lina Stay, les transferts priv\u00e9s transforment chaque trajet en une exp\u00e9rience de voyage premium.<\/p>\t\t\t\t\t\t\t\t<\/div>\n\t\t\t\t<\/div>\n\t\t\t\t\t<\/div>\n\t\t\t\t<\/div>\n\t\t<div class=\"elementor-element elementor-element-301f6d6 e-flex e-con-boxed e-con e-parent\" data-id=\"301f6d6\" data-element_type=\"container\" data-e-type=\"container\">\n\t\t\t\t\t<div class=\"e-con-inner\">\n\t\t<div class=\"elementor-element elementor-element-a7d4a54 e-con-full e-flex e-con e-child\" data-id=\"a7d4a54\" data-element_type=\"container\" data-e-type=\"container\">\n\t\t\t\t<div class=\"elementor-element elementor-element-29baa77 elementor-widget elementor-widget-heading\" data-id=\"29baa77\" data-element_type=\"widget\" data-e-type=\"widget\" data-widget_type=\"heading.default\">\n\t\t\t\t\t<h3 class=\"elementor-heading-title elementor-size-default\">Balades Aventure en 4x4 : Explorez au-del\u00e0 de la ville<\/h3>\t\t\t\t<\/div>\n\t\t\t\t<div class=\"elementor-element elementor-element-6cad64f elementor-widget elementor-widget-text-editor\" data-id=\"6cad64f\" data-element_type=\"widget\" data-e-type=\"widget\" data-widget_type=\"text-editor.default\">\n\t\t\t\t\t\t\t\t\t<p class=\"p1\">Lorsque la route s\u2019arr\u00eate, l\u2019aventure commence. Nos balades aventure en 4&#215;4 sont con\u00e7ues pour les voyageurs d\u00e9sireux de sortir des sentiers battus et de d\u00e9couvrir les paysages les plus spectaculaires du Maroc. De la beaut\u00e9 sauvage des montagnes de l\u2019Atlas aux horizons vastes du d\u00e9sert d\u2019Agafay, un 4&#215;4 offre confort, s\u00e9curit\u00e9 et sensations d\u2019exploration.<\/p><p class=\"p1\">Chaque v\u00e9hicule est moderne, spacieux et conduit par des professionnels exp\u00e9riment\u00e9s qui connaissent parfaitement le terrain. Que ce soit pour une excursion priv\u00e9e, une aventure familiale ou une sortie en groupe d\u2019une journ\u00e9e, le 4&#215;4 vous permet d\u2019atteindre des endroits recul\u00e9s o\u00f9 les voitures ordinaires ne peuvent pas aller.<\/p><p class=\"p1\">Avec Lina Stay, chaque trajet tout-terrain est une invitation \u00e0 d\u00e9couvrir le Maroc autrement.<\/p>\t\t\t\t\t\t\t\t<\/div>\n\t\t\t\t<\/div>\n\t\t<div class=\"elementor-element elementor-element-a3f0e62 e-con-full e-flex e-con e-child\" data-id=\"a3f0e62\" data-element_type=\"container\" data-e-type=\"container\">\n\t\t\t\t<div class=\"elementor-element elementor-element-bd5f6ce st-overflow-hidden st-border-radius-8 elementor-widget elementor-widget-image\" data-id=\"bd5f6ce\" data-element_type=\"widget\" data-e-type=\"widget\" data-widget_type=\"image.default\">\n\t\t\t\t\t\t\t\t\t\t\t\t\t\t\t<img loading=\"lazy\" decoding=\"async\" width=\"1034\" height=\"1034\" src=\"https:\/\/linastay.com\/wp-content\/uploads\/2025\/09\/toyota_land_cruiser_2016_2.avif\" class=\"attachment-full size-full wp-image-15736\" alt=\"\" srcset=\"https:\/\/linastay.com\/wp-content\/uploads\/2025\/09\/toyota_land_cruiser_2016_2.avif 1034w, https:\/\/linastay.com\/wp-content\/uploads\/2025\/09\/toyota_land_cruiser_2016_2-300x300.avif 300w, https:\/\/linastay.com\/wp-content\/uploads\/2025\/09\/toyota_land_cruiser_2016_2-1024x1024.avif 1024w, https:\/\/linastay.com\/wp-content\/uploads\/2025\/09\/toyota_land_cruiser_2016_2-150x150.avif 150w, https:\/\/linastay.com\/wp-content\/uploads\/2025\/09\/toyota_land_cruiser_2016_2-768x768.avif 768w, https:\/\/linastay.com\/wp-content\/uploads\/2025\/09\/toyota_land_cruiser_2016_2-1536x1536.avif 1536w, https:\/\/linastay.com\/wp-content\/uploads\/2025\/09\/toyota_land_cruiser_2016_2-2048x2048.avif 2048w, https:\/\/linastay.com\/wp-content\/uploads\/2025\/09\/toyota_land_cruiser_2016_2-600x600.avif 600w, https:\/\/linastay.com\/wp-content\/uploads\/2025\/09\/toyota_land_cruiser_2016_2-100x100.avif 100w\" sizes=\"(max-width: 1034px) 100vw, 1034px\" \/>\t\t\t\t\t\t\t\t\t\t\t\t\t\t\t<\/div>\n\t\t\t\t<\/div>\n\t\t\t\t\t<\/div>\n\t\t\t\t<\/div>\n\t\t<div class=\"elementor-element elementor-element-7c0ec116 e-flex e-con-boxed e-con e-parent\" data-id=\"7c0ec116\" data-element_type=\"container\" data-e-type=\"container\">\n\t\t\t\t\t<div class=\"e-con-inner\">\n\t\t<div class=\"elementor-element elementor-element-3bdc3fdb e-flex e-con-boxed e-con e-child\" data-id=\"3bdc3fdb\" data-element_type=\"container\" data-e-type=\"container\" data-settings=\"{&quot;background_background&quot;:&quot;classic&quot;}\">\n\t\t\t\t\t<div class=\"e-con-inner\">\n\t\t\t\t<div class=\"elementor-element elementor-element-1ef599bd elementor-widget-mobile__width-inherit elementor-widget elementor-widget-heading\" data-id=\"1ef599bd\" data-element_type=\"widget\" data-e-type=\"widget\" data-widget_type=\"heading.default\">\n\t\t\t\t\t<div class=\"elementor-heading-title elementor-size-default\">R\u00e9servez votre trajet en toute simplicit\u00e9<\/div>\t\t\t\t<\/div>\n\t\t\t\t<div class=\"elementor-element elementor-element-4268fb7b elementor-widget__width-initial elementor-widget-mobile__width-inherit elementor-widget elementor-widget-heading\" data-id=\"4268fb7b\" data-element_type=\"widget\" data-e-type=\"widget\" data-widget_type=\"heading.default\">\n\t\t\t\t\t<h2 class=\"elementor-heading-title elementor-size-default\">Des taxis rapides en ville aux voitures priv\u00e9es, navettes de groupe et aventures en 4x4, Lina Stay rend chaque trajet fluide, s\u00fbr et sans stress.<\/h2>\t\t\t\t<\/div>\n\t\t\t\t<div class=\"elementor-element elementor-element-3c57320b elementor-widget elementor-widget-button\" data-id=\"3c57320b\" data-element_type=\"widget\" data-e-type=\"widget\" data-widget_type=\"button.default\">\n\t\t\t\t\t\t\t\t\t\t<a class=\"elementor-button elementor-button-link elementor-size-sm\" href=\"https:\/\/linastay.com\/fr\/contact\/\">\n\t\t\t\t\t\t<span class=\"elementor-button-content-wrapper\">\n\t\t\t\t\t\t<span class=\"elementor-button-icon\">\n\t\t\t\t<svg xmlns=\"http:\/\/www.w3.org\/2000\/svg\" width=\"14\" height=\"10\" viewBox=\"0 0 14 10\" fill=\"none\"><path fill-rule=\"evenodd\" clip-rule=\"evenodd\" d=\"M8.26647 0.599765C8.46173 0.404503 8.77831 0.404503 8.97357 0.599765L13.0202 4.64643C13.114 4.7402 13.1667 4.86738 13.1667 4.99999C13.1667 5.13259 13.114 5.25977 13.0202 5.35354L8.97357 9.4002C8.77831 9.59547 8.46173 9.59547 8.26647 9.4002C8.0712 9.20494 8.0712 8.88836 8.26647 8.6931L11.4596 5.49999H1.33335C1.05721 5.49999 0.833354 5.27613 0.833354 4.99999C0.833354 4.72384 1.05721 4.49999 1.33335 4.49999H11.4596L8.26647 1.30687C8.0712 1.11161 8.0712 0.795027 8.26647 0.599765Z\" fill=\"#232323\"><\/path><path fill-rule=\"evenodd\" clip-rule=\"evenodd\" d=\"M8.14862 0.481914C8.40897 0.221564 8.83107 0.221564 9.09142 0.481914L13.1381 4.52858C13.2631 4.6536 13.3334 4.82317 13.3334 4.99999C13.3334 5.1768 13.2631 5.34637 13.1381 5.47139L9.09142 9.51806C8.83107 9.77841 8.40897 9.77841 8.14862 9.51806C7.88827 9.25771 7.88827 8.8356 8.14862 8.57525L11.0572 5.66665H1.33335C0.965164 5.66665 0.666687 5.36818 0.666687 4.99999C0.666687 4.6318 0.965164 4.33332 1.33335 4.33332H11.0572L8.14862 1.42472C7.88827 1.16437 7.88827 0.742263 8.14862 0.481914ZM8.85572 0.717616C8.72555 0.587441 8.51449 0.587441 8.38432 0.717616C8.25414 0.847791 8.25414 1.05885 8.38432 1.18902L11.5774 4.38213C11.6251 4.4298 11.6394 4.50149 11.6136 4.56377C11.5878 4.62604 11.527 4.66665 11.4596 4.66665H1.33335C1.14926 4.66665 1.00002 4.81589 1.00002 4.99999C1.00002 5.18408 1.14926 5.33332 1.33335 5.33332H11.4596C11.527 5.33332 11.5878 5.37393 11.6136 5.4362C11.6394 5.49848 11.6251 5.57017 11.5774 5.61784L8.38432 8.81095C8.25414 8.94112 8.25414 9.15218 8.38432 9.28235C8.51449 9.41253 8.72555 9.41253 8.85572 9.28235L12.9024 5.23569C12.9649 5.17318 13 5.08839 13 4.99999C13 4.91158 12.9649 4.82679 12.9024 4.76428L8.85572 0.717616Z\" fill=\"#232323\"><\/path><\/svg>\t\t\t<\/span>\n\t\t\t\t\t\t\t\t\t<span class=\"elementor-button-text\">R\u00e9server mon transfert<\/span>\n\t\t\t\t\t<\/span>\n\t\t\t\t\t<\/a>\n\t\t\t\t\t\t\t\t<\/div>\n\t\t\t\t\t<\/div>\n\t\t\t\t<\/div>\n\t\t\t\t\t<\/div>\n\t\t\t\t<\/div>\n\t\t\t\t<\/div>\n\t\t","protected":false},"excerpt":{"rendered":"<p>Des taxis et transferts de groupe aux voitures priv\u00e9es et 4&#215;4, Lina Stay vous transporte avec confort et style. Se d\u00e9placer \u00e0 Marrakech devrait \u00eatre aussi simple que le voyage que vous \u00eates venu faire. Chez Lina Stay, nous proposons une gamme compl\u00e8te d\u2019options de transport adapt\u00e9es \u00e0 vos besoins, que vous preniez un taxi [&hellip;]<\/p>\n","protected":false},"author":1,"featured_media":0,"parent":0,"menu_order":0,"comment_status":"closed","ping_status":"closed","template":"elementor_header_footer","meta":{"footnotes":""},"class_list":["post-15732","page","type-page","status-publish","has-post-thumbnail","hentry"],"jetpack_sharing_enabled":true,"_links":{"self":[{"href":"https:\/\/linastay.com\/fr\/wp-json\/wp\/v2\/pages\/15732","targetHints":{"allow":["GET"]}}],"collection":[{"href":"https:\/\/linastay.com\/fr\/wp-json\/wp\/v2\/pages"}],"about":[{"href":"https:\/\/linastay.com\/fr\/wp-json\/wp\/v2\/types\/page"}],"author":[{"embeddable":true,"href":"https:\/\/linastay.com\/fr\/wp-json\/wp\/v2\/users\/1"}],"replies":[{"embeddable":true,"href":"https:\/\/linastay.com\/fr\/wp-json\/wp\/v2\/comments?post=15732"}],"version-history":[{"count":1,"href":"https:\/\/linastay.com\/fr\/wp-json\/wp\/v2\/pages\/15732\/revisions"}],"predecessor-version":[{"id":15737,"href":"https:\/\/linastay.com\/fr\/wp-json\/wp\/v2\/pages\/15732\/revisions\/15737"}],"wp:attachment":[{"href":"https:\/\/linastay.com\/fr\/wp-json\/wp\/v2\/media?parent=15732"}],"curies":[{"name":"wp","href":"https:\/\/api.w.org\/{rel}","templated":true}]}}